{"id":2990,"date":"2023-09-03T10:30:07","date_gmt":"2023-09-03T08:30:07","guid":{"rendered":"https:\/\/comtron.ponudbe.org\/center-zasebnosti\/piskotki\/"},"modified":"2023-10-15T10:39:44","modified_gmt":"2023-10-15T08:39:44","slug":"kolacici","status":"publish","type":"page","link":"https:\/\/comtron.si\/hr\/center-zasebnosti\/piskotki\/","title":{"rendered":"Kola\u010di\u0107i"},"content":{"rendered":"<div data-elementor-type=\"wp-page\" data-elementor-id=\"2990\" class=\"elementor elementor-2990\" data-elementor-post-type=\"page\">\n\t\t\t\t\t\t<section class=\"elementor-section elementor-top-section elementor-element elementor-element-077a0cd elementor-section-boxed elementor-section-height-default elementor-section-height-default\" data-id=\"077a0cd\" data-element_type=\"section\" data-e-type=\"section\" data-settings=\"{&quot;background_background&quot;:&quot;classic&quot;}\">\n\t\t\t\t\t\t\t<div class=\"elementor-background-overlay\"><\/div>\n\t\t\t\t\t\t\t<div class=\"elementor-container elementor-column-gap-default\">\n\t\t\t\t\t<div class=\"elementor-column elementor-col-50 elementor-top-column elementor-element elementor-element-19afa4d\" data-id=\"19afa4d\" data-element_type=\"column\" data-e-type=\"column\">\n\t\t\t<div class=\"elementor-widget-wrap elementor-element-populated\">\n\t\t\t\t\t\t<div class=\"elementor-element elementor-element-4c8286a animated-fast elementor-invisible elementor-widget elementor-widget-heading\" data-id=\"4c8286a\" data-element_type=\"widget\" data-e-type=\"widget\" data-settings=\"{&quot;_animation&quot;:&quot;fadeInUp&quot;,&quot;_animation_delay&quot;:200}\" data-widget_type=\"heading.default\">\n\t\t\t\t\t<h1 class=\"elementor-heading-title elementor-size-default\">Kola\u010di\u0107i<\/h1>\t\t\t\t<\/div>\n\t\t\t\t<div class=\"elementor-element elementor-element-9fe6ef9 elementor-invisible elementor-widget elementor-widget-text-editor\" data-id=\"9fe6ef9\" data-element_type=\"widget\" data-e-type=\"widget\" data-settings=\"{&quot;_animation&quot;:&quot;fadeInUp&quot;,&quot;_animation_delay&quot;:300}\" data-widget_type=\"text-editor.default\">\n\t\t\t\t\t\t\t\t\t<p>Kola\u010di\u0107i su male tekstualne datoteke koje stvara posje\u0107ena web stranica i sadr\u017ee podatke. Pohranjuju se na ra\u010dunalo posjetitelja kako bi korisniku omogu\u0107ili pristup raznim funkcijama.<\/p>\t\t\t\t\t\t\t\t<\/div>\n\t\t\t\t\t<\/div>\n\t\t<\/div>\n\t\t\t\t<div class=\"elementor-column elementor-col-50 elementor-top-column elementor-element elementor-element-b2b432c\" data-id=\"b2b432c\" data-element_type=\"column\" data-e-type=\"column\">\n\t\t\t<div class=\"elementor-widget-wrap elementor-element-populated\">\n\t\t\t\t\t\t<div class=\"elementor-element elementor-element-10562c7 elementor-widget elementor-widget-image\" data-id=\"10562c7\" data-element_type=\"widget\" data-e-type=\"widget\" data-widget_type=\"image.default\">\n\t\t\t\t\t\t\t\t\t\t\t\t\t\t\t<img fetchpriority=\"high\" decoding=\"async\" width=\"768\" height=\"532\" src=\"https:\/\/comtron.si\/wp-content\/uploads\/2023\/09\/gdpr.png\" class=\"attachment-large size-large wp-image-3484\" alt=\"gdpr\" srcset=\"https:\/\/comtron.si\/wp-content\/uploads\/2023\/09\/gdpr.png 768w, https:\/\/comtron.si\/wp-content\/uploads\/2023\/09\/gdpr-300x208.png 300w\" sizes=\"(max-width: 768px) 100vw, 768px\" \/>\t\t\t\t\t\t\t\t\t\t\t\t\t\t\t<\/div>\n\t\t\t\t\t<\/div>\n\t\t<\/div>\n\t\t\t\t\t<\/div>\n\t\t<\/section>\n\t\t<div class=\"elementor-element elementor-element-f73caca e-flex e-con-boxed e-con e-parent\" data-id=\"f73caca\" data-element_type=\"container\" data-e-type=\"container\">\n\t\t\t\t\t<div class=\"e-con-inner\">\n\t\t\t\t<div class=\"elementor-element elementor-element-2215062 elementor-widget elementor-widget-text-editor\" data-id=\"2215062\" data-element_type=\"widget\" data-e-type=\"widget\" data-widget_type=\"text-editor.default\">\n\t\t\t\t\t\t\t\t\t<p>Na\u0161a web stranica koristi sesijske i nesesijske kola\u010di\u0107e. Kola\u010di\u0107 sesije privremeno se pohranjuje u memoriju va\u0161eg ra\u010dunala dok pregledavate stranicu. Ovaj kola\u010di\u0107 se bri\u0161e kada korisnik zatvori web preglednik ili nakon odre\u0111enog vremena (\u0161to zna\u010di da sesija istje\u010de). Kola\u010di\u0107 bez sesije ostaje na ra\u010dunalu posjetitelja dok se ne izbri\u0161e.<\/p><p>Putem kola\u010di\u0107a\u00a0<b>ne mo\u017eemo pristupiti va\u0161im osobnim podacima ili podacima koji se nalaze na va\u0161em ra\u010dunalu, osim onih koji su javno dostupni<\/b>\u00a0(vrsta preglednika, vrsta operativnog sustava itd.). Koristimo kola\u010di\u0107e kako bismo na\u0161u ponudu prilagodili va\u0161im \u017eeljama i analizirali kako se ponude koriste.<\/p><p>Kola\u010di\u0107i su temeljni za pru\u017eanje online usluga prilago\u0111enih korisniku i naj\u010de\u0161\u0107e funkcije e-poslovanja ne bi bile mogu\u0107e bez kola\u010di\u0107a. Uz njihovu pomo\u0107 mo\u017eemo procijeniti u\u010dinkovitost dizajna na\u0161e web stranice. Interakcija izme\u0111u web korisnika i web stranice br\u017ea je i lak\u0161a uz pomo\u0107 kola\u010di\u0107a. Uz njihovu pomo\u0107 web stranica pamti preferencije i iskustva pojedinca, \u0161to pretra\u017eivanje weba \u010dini u\u010dinkovitijim i ugodnijim.<\/p><p>O preporu\u010denoj i dopu\u0161tenoj upotrebi kola\u010di\u0107a na web stranicama mo\u017eete pro\u010ditati i u smjernicama Povjerenice za informiranje za kori\u0161tenje kola\u010di\u0107a koje mo\u017eete prona\u0107i\u00a0<a href=\"https:\/\/www.ip-rs.si\/fileadmin\/user_upload\/Pdf\/smernice\/Smernice_o_uporabi_piskotkov.pdf\" target=\"_blank\" rel=\"noopener\">na ovom linku<\/a>.<\/p>\t\t\t\t\t\t\t\t<\/div>\n\t\t\t\t\t<\/div>\n\t\t\t\t<\/div>\n\t\t<div class=\"elementor-element elementor-element-9e3babf e-flex e-con-boxed e-con e-parent\" data-id=\"9e3babf\" data-element_type=\"container\" data-e-type=\"container\">\n\t\t\t\t\t<div class=\"e-con-inner\">\n\t\t\t\t<div class=\"elementor-element elementor-element-199c238 elementor-widget elementor-widget-text-editor\" data-id=\"199c238\" data-element_type=\"widget\" data-e-type=\"widget\" data-widget_type=\"text-editor.default\">\n\t\t\t\t\t\t\t\t\t<h5><b>Za\u0161to koristimo kola\u010di\u0107e?<\/b><\/h5><p>Koristimo kola\u010di\u0107e kako bismo saznali vi\u0161e o tome kako posjetitelji stupaju u interakciju s na\u0161im sadr\u017eajem i kako bi nam pomogli pobolj\u0161ati korisni\u010dko iskustvo prilikom posjeta na\u0161oj web stranici.<\/p><h5><b>Funkcionalnost stranice<\/b><\/h5><p>Zna\u010dajku dijeljenja posjetitelji koriste za preporuku na\u0161e web stranice i sadr\u017eaja na dru\u0161tvenim mre\u017eama kao \u0161to su Facebook i Twitter. Kola\u010di\u0107i spremaju informacije o tome kako posjetitelji koriste zna\u010dajku dijeljenja kako bi se web stranica mogla pobolj\u0161ati. Ako ne prihva\u0107ate kola\u010di\u0107e, podaci se ne pohranjuju.<\/p><p>Koristimo dobavlja\u010de tre\u0107ih strana za odre\u0111ene zna\u010dajke unutar na\u0161e web stranice, kao \u0161to je kada posjetite stranicu s videozapisima ugra\u0111enim s YouTubea ili poveznicama na YouTube. Ovi videozapisi ili poveznice (i bilo koji drugi sadr\u017eaj dobavlja\u010da tre\u0107ih strana) mogu sadr\u017eavati kola\u010di\u0107e tre\u0107ih strana i mo\u017eete pogledati pravila tih web stranica tre\u0107ih strana za informacije o njihovoj upotrebi kola\u010di\u0107a.<\/p>\t\t\t\t\t\t\t\t<\/div>\n\t\t\t\t\t<\/div>\n\t\t\t\t<\/div>\n\t\t<div class=\"elementor-element elementor-element-c4a9a04 e-flex e-con-boxed e-con e-parent\" data-id=\"c4a9a04\" data-element_type=\"container\" data-e-type=\"container\">\n\t\t\t\t\t<div class=\"e-con-inner\">\n\t\t\t\t<div class=\"elementor-element elementor-element-808fd37 elementor-widget elementor-widget-text-editor\" data-id=\"808fd37\" data-element_type=\"widget\" data-e-type=\"widget\" data-widget_type=\"text-editor.default\">\n\t\t\t\t\t\t\t\t\t<h5><b>Kola\u010di\u0107i koje koristimo:<\/b><\/h5><p>Ova web stranica koristi Google Analytics koji koristi kola\u010di\u0107e (_ga, _gid, _gat), Facebook pixel koji koristi kola\u010di\u0107e (m_pixel_ratio, prisutnost, sb, wd, xs, fr, tr, c_user, datr). Na skupnoj razini, kola\u010di\u0107i spremaju informacije o tome kako posjetitelji koriste web stranicu, uklju\u010duju\u0107i broj pregledanih stranica, odakle je posjetitelj do\u0161ao i broj posjeta. Web stranica tako\u0111er koristi tehni\u010dke kola\u010di\u0107e (wordpress_test_cookie, wordpress_logged_in_, wordpress_sec). Podatke koristimo za pobolj\u0161anje web stranice i pru\u017eanje boljeg korisni\u010dkog iskustva. Ako ne prihva\u0107ate kola\u010di\u0107e, podaci se ne pohranjuju.<\/p><p>Ne\u0107emo koristiti kola\u010di\u0107e za prikupljanje osobnih podataka o posjetitelju.<\/p>\t\t\t\t\t\t\t\t<\/div>\n\t\t\t\t\t<\/div>\n\t\t\t\t<\/div>\n\t\t<div class=\"elementor-element elementor-element-2b892c9 e-flex e-con-boxed e-con e-parent\" data-id=\"2b892c9\" data-element_type=\"container\" data-e-type=\"container\">\n\t\t\t\t\t<div class=\"e-con-inner\">\n\t\t\t\t<div class=\"elementor-element elementor-element-4979a90 elementor-widget elementor-widget-text-editor\" data-id=\"4979a90\" data-element_type=\"widget\" data-e-type=\"widget\" data-widget_type=\"text-editor.default\">\n\t\t\t\t\t\t\t\t\t<h5><b>Upravljati kola\u010di\u0107ima?<\/b><\/h5><p>Ako \u017eelite promijeniti na\u010din na koji se kola\u010di\u0107i koriste u va\u0161em pregledniku, uklju\u010duju\u0107i njihovo blokiranje ili brisanje, to mo\u017eete u\u010diniti promjenom postavki preglednika u skladu s tim. Za upravljanje kola\u010di\u0107ima ve\u0107ina vam preglednika omogu\u0107uje da prihvatite ili odbijete sve kola\u010di\u0107e, prihvatite samo odre\u0111enu vrstu kola\u010di\u0107a ili vas upozori da stranica \u017eeli spremiti kola\u010di\u0107. Tako\u0111er mo\u017eete jednostavno izbrisati kola\u010di\u0107e koje je spremio preglednik. Ako promijenite ili izbri\u0161ete datoteku kola\u010di\u0107a svog preglednika, promijenite ili nagradite svoj preglednik ili ure\u0111aj, mo\u017eda \u0107ete morati ponovno onemogu\u0107iti kola\u010di\u0107e. Postupak upravljanja i brisanja kola\u010di\u0107a razlikuje se od preglednika do preglednika. Ako vam je potrebna pomo\u0107 s ovim, mo\u017eete pogledati korisni\u010dku pomo\u0107 preglednika. Tako\u0111er mo\u017eete onemogu\u0107iti kola\u010di\u0107e na na\u0161oj web stranici u postavkama dodatka za kola\u010di\u0107e ili kada prvi put posjetite na\u0161u web stranicu (kliknete na &quot;Odbij kola\u010di\u0107e&quot;)<\/p>\t\t\t\t\t\t\t\t<\/div>\n\t\t\t\t\t<\/div>\n\t\t\t\t<\/div>\n\t\t\t\t<\/div>","protected":false},"excerpt":{"rendered":"<p>Pi\u0161kotki so majhne tekstovne datoteke, ki jih ustvari obiskano spletno mesto in vsebujejo podatke. Shranjene so na ra\u010dunalniku obiskovalca, da uporabniku omogo\u010dijo dostop do razli\u010dnih funkcij. Na na\u0161em spletnem mestu se uporabljajo tako sejni pi\u0161kotki kot pi\u0161kotki brez sej. Sejni pi\u0161kotek se za\u010dasno shrani v pomnilnik ra\u010dunalnika, medtem ko obiskovalci brskate po spletnem mestu. Ta [&hellip;]<\/p>\n","protected":false},"author":17,"featured_media":0,"parent":2988,"menu_order":0,"comment_status":"closed","ping_status":"closed","template":"","meta":{"_acf_changed":false,"footnotes":""},"podrocje":[],"class_list":["post-2990","page","type-page","status-publish","hentry"],"blocksy_meta":[],"acf":{"hero_section":{"pretitle":"","title":"","shortdescription":"","ocena":""},"cenaod":"","title_kljucne_funkcionalnosti":"","content_kljucne_funkcionalnosti":"","seznam_kljucne_funkcionalnosti":"","slika_kljucne_funkcionalnosti":null,"video_url":""},"yoast_head":"<!-- This site is optimized with the Yoast SEO Premium plugin v26.5 (Yoast SEO v27.5) - https:\/\/yoast.com\/product\/yoast-seo-premium-wordpress\/ -->\n<title>Pi\u0161kotki - Comtron<\/title>\n<meta name=\"robots\" content=\"index, follow, max-snippet:-1, max-image-preview:large, max-video-preview:-1\" \/>\n<link rel=\"canonical\" href=\"https:\/\/comtron.si\/hr\/centar-za-privatnost\/kolacici\/\" \/>\n<meta property=\"og:locale\" content=\"hr_HR\" \/>\n<meta property=\"og:type\" content=\"article\" \/>\n<meta property=\"og:title\" content=\"Pi\u0161kotki\" \/>\n<meta property=\"og:description\" content=\"Pi\u0161kotki so majhne tekstovne datoteke, ki jih ustvari obiskano spletno mesto in vsebujejo podatke. Shranjene so na ra\u010dunalniku obiskovalca, da uporabniku omogo\u010dijo dostop do razli\u010dnih funkcij. Na na\u0161em spletnem mestu se uporabljajo tako sejni pi\u0161kotki kot pi\u0161kotki brez sej. Sejni pi\u0161kotek se za\u010dasno shrani v pomnilnik ra\u010dunalnika, medtem ko obiskovalci brskate po spletnem mestu. Ta [&hellip;]\" \/>\n<meta property=\"og:url\" content=\"https:\/\/comtron.si\/hr\/centar-za-privatnost\/kolacici\/\" \/>\n<meta property=\"og:site_name\" content=\"Comtron\" \/>\n<meta property=\"article:publisher\" content=\"https:\/\/www.facebook.com\/p\/Comtron-doo-100064104696891\/\" \/>\n<meta property=\"article:modified_time\" content=\"2023-10-15T08:39:44+00:00\" \/>\n<meta property=\"og:image\" content=\"https:\/\/nova.comtron.si\/wp-content\/uploads\/2023\/09\/gdpr.png\" \/>\n<meta name=\"twitter:card\" content=\"summary_large_image\" \/>\n<meta name=\"twitter:label1\" content=\"Procijenjeno vrijeme \u010ditanja\" \/>\n\t<meta name=\"twitter:data1\" content=\"3 minute\" \/>\n<script type=\"application\/ld+json\" class=\"yoast-schema-graph\">{\"@context\":\"https:\\\/\\\/schema.org\",\"@graph\":[{\"@type\":\"WebPage\",\"@id\":\"https:\\\/\\\/comtron.si\\\/center-zasebnosti\\\/piskotki\\\/\",\"url\":\"https:\\\/\\\/comtron.si\\\/center-zasebnosti\\\/piskotki\\\/\",\"name\":\"Pi\u0161kotki - Comtron\",\"isPartOf\":{\"@id\":\"https:\\\/\\\/comtron.si\\\/#website\"},\"primaryImageOfPage\":{\"@id\":\"https:\\\/\\\/comtron.si\\\/center-zasebnosti\\\/piskotki\\\/#primaryimage\"},\"image\":{\"@id\":\"https:\\\/\\\/comtron.si\\\/center-zasebnosti\\\/piskotki\\\/#primaryimage\"},\"thumbnailUrl\":\"https:\\\/\\\/nova.comtron.si\\\/wp-content\\\/uploads\\\/2023\\\/09\\\/gdpr.png\",\"datePublished\":\"2023-09-03T08:30:07+00:00\",\"dateModified\":\"2023-10-15T08:39:44+00:00\",\"breadcrumb\":{\"@id\":\"https:\\\/\\\/comtron.si\\\/center-zasebnosti\\\/piskotki\\\/#breadcrumb\"},\"inLanguage\":\"hr\",\"potentialAction\":[{\"@type\":\"ReadAction\",\"target\":[\"https:\\\/\\\/comtron.si\\\/center-zasebnosti\\\/piskotki\\\/\"]}]},{\"@type\":\"ImageObject\",\"inLanguage\":\"hr\",\"@id\":\"https:\\\/\\\/comtron.si\\\/center-zasebnosti\\\/piskotki\\\/#primaryimage\",\"url\":\"https:\\\/\\\/nova.comtron.si\\\/wp-content\\\/uploads\\\/2023\\\/09\\\/gdpr.png\",\"contentUrl\":\"https:\\\/\\\/nova.comtron.si\\\/wp-content\\\/uploads\\\/2023\\\/09\\\/gdpr.png\"},{\"@type\":\"BreadcrumbList\",\"@id\":\"https:\\\/\\\/comtron.si\\\/center-zasebnosti\\\/piskotki\\\/#breadcrumb\",\"itemListElement\":[{\"@type\":\"ListItem\",\"position\":1,\"name\":\"Domov\",\"item\":\"https:\\\/\\\/comtron.si\\\/\"},{\"@type\":\"ListItem\",\"position\":2,\"name\":\"Center zasebnosti\",\"item\":\"https:\\\/\\\/comtron.si\\\/center-zasebnosti\\\/\"},{\"@type\":\"ListItem\",\"position\":3,\"name\":\"Pi\u0161kotki\"}]},{\"@type\":\"WebSite\",\"@id\":\"https:\\\/\\\/comtron.si\\\/#website\",\"url\":\"https:\\\/\\\/comtron.si\\\/\",\"name\":\"Comtron\",\"description\":\"Sistemski in\u017eeniring in programska oprema Comtron\",\"publisher\":{\"@id\":\"https:\\\/\\\/comtron.si\\\/#organization\"},\"alternateName\":\"Sistemski in\u017eeniring in programska oprema Comtron\",\"potentialAction\":[{\"@type\":\"SearchAction\",\"target\":{\"@type\":\"EntryPoint\",\"urlTemplate\":\"https:\\\/\\\/comtron.si\\\/?s={search_term_string}\"},\"query-input\":{\"@type\":\"PropertyValueSpecification\",\"valueRequired\":true,\"valueName\":\"search_term_string\"}}],\"inLanguage\":\"hr\"},{\"@type\":\"Organization\",\"@id\":\"https:\\\/\\\/comtron.si\\\/#organization\",\"name\":\"Comtron - IT re\u0161itve in programska oprema\",\"alternateName\":\"COMTRON napredna ra\u010dunalni\u0161ka tehnologija\",\"url\":\"https:\\\/\\\/comtron.si\\\/\",\"logo\":{\"@type\":\"ImageObject\",\"inLanguage\":\"hr\",\"@id\":\"https:\\\/\\\/comtron.si\\\/#\\\/schema\\\/logo\\\/image\\\/\",\"url\":\"https:\\\/\\\/comtron.si\\\/wp-content\\\/uploads\\\/2023\\\/09\\\/cropped-comtron-logo.png\",\"contentUrl\":\"https:\\\/\\\/comtron.si\\\/wp-content\\\/uploads\\\/2023\\\/09\\\/cropped-comtron-logo.png\",\"width\":3436,\"height\":650,\"caption\":\"Comtron - IT re\u0161itve in programska oprema\"},\"image\":{\"@id\":\"https:\\\/\\\/comtron.si\\\/#\\\/schema\\\/logo\\\/image\\\/\"},\"sameAs\":[\"https:\\\/\\\/www.facebook.com\\\/p\\\/Comtron-doo-100064104696891\\\/\",\"https:\\\/\\\/www.youtube.com\\\/@comtron-tron\"],\"description\":\"Sistemski in\u017eeniring in programska oprema\",\"email\":\"info@comtron.si\",\"telephone\":\"+386 2 3003 500\",\"legalName\":\"COMTRON napredna ra\u010dunalni\u0161ka tehnologija d.o.o.\",\"foundingDate\":\"1989-09-01\",\"vatID\":\"SI11931477\",\"taxID\":\"11931477\",\"numberOfEmployees\":{\"@type\":\"QuantitativeValue\",\"minValue\":\"51\",\"maxValue\":\"200\"}}]}<\/script>\n<!-- \/ Yoast SEO Premium plugin. -->","yoast_head_json":{"title":"Kola\u010di\u0107i - Comtron","robots":{"index":"index","follow":"follow","max-snippet":"max-snippet:-1","max-image-preview":"max-image-preview:large","max-video-preview":"max-video-preview:-1"},"canonical":"https:\/\/comtron.si\/hr\/centar-za-privatnost\/kolacici\/","og_locale":"hr_HR","og_type":"article","og_title":"Pi\u0161kotki","og_description":"Pi\u0161kotki so majhne tekstovne datoteke, ki jih ustvari obiskano spletno mesto in vsebujejo podatke. Shranjene so na ra\u010dunalniku obiskovalca, da uporabniku omogo\u010dijo dostop do razli\u010dnih funkcij. Na na\u0161em spletnem mestu se uporabljajo tako sejni pi\u0161kotki kot pi\u0161kotki brez sej. Sejni pi\u0161kotek se za\u010dasno shrani v pomnilnik ra\u010dunalnika, medtem ko obiskovalci brskate po spletnem mestu. Ta [&hellip;]","og_url":"https:\/\/comtron.si\/hr\/centar-za-privatnost\/kolacici\/","og_site_name":"Comtron","article_publisher":"https:\/\/www.facebook.com\/p\/Comtron-doo-100064104696891\/","article_modified_time":"2023-10-15T08:39:44+00:00","og_image":[{"url":"https:\/\/nova.comtron.si\/wp-content\/uploads\/2023\/09\/gdpr.png","type":"","width":"","height":""}],"twitter_card":"summary_large_image","twitter_misc":{"Procijenjeno vrijeme \u010ditanja":"3 minute"},"schema":{"@context":"https:\/\/schema.org","@graph":[{"@type":"WebPage","@id":"https:\/\/comtron.si\/center-zasebnosti\/piskotki\/","url":"https:\/\/comtron.si\/center-zasebnosti\/piskotki\/","name":"Kola\u010di\u0107i - Comtron","isPartOf":{"@id":"https:\/\/comtron.si\/#website"},"primaryImageOfPage":{"@id":"https:\/\/comtron.si\/center-zasebnosti\/piskotki\/#primaryimage"},"image":{"@id":"https:\/\/comtron.si\/center-zasebnosti\/piskotki\/#primaryimage"},"thumbnailUrl":"https:\/\/nova.comtron.si\/wp-content\/uploads\/2023\/09\/gdpr.png","datePublished":"2023-09-03T08:30:07+00:00","dateModified":"2023-10-15T08:39:44+00:00","breadcrumb":{"@id":"https:\/\/comtron.si\/center-zasebnosti\/piskotki\/#breadcrumb"},"inLanguage":"hr","potentialAction":[{"@type":"ReadAction","target":["https:\/\/comtron.si\/center-zasebnosti\/piskotki\/"]}]},{"@type":"ImageObject","inLanguage":"hr","@id":"https:\/\/comtron.si\/center-zasebnosti\/piskotki\/#primaryimage","url":"https:\/\/nova.comtron.si\/wp-content\/uploads\/2023\/09\/gdpr.png","contentUrl":"https:\/\/nova.comtron.si\/wp-content\/uploads\/2023\/09\/gdpr.png"},{"@type":"BreadcrumbList","@id":"https:\/\/comtron.si\/center-zasebnosti\/piskotki\/#breadcrumb","itemListElement":[{"@type":"ListItem","position":1,"name":"Domov","item":"https:\/\/comtron.si\/"},{"@type":"ListItem","position":2,"name":"Center zasebnosti","item":"https:\/\/comtron.si\/center-zasebnosti\/"},{"@type":"ListItem","position":3,"name":"Pi\u0161kotki"}]},{"@type":"WebSite","@id":"https:\/\/comtron.si\/#website","url":"https:\/\/comtron.si\/","name":"Comtron","description":"Comtron Systems Engineering i softver","publisher":{"@id":"https:\/\/comtron.si\/#organization"},"alternateName":"Sistemski in\u017eeniring in programska oprema Comtron","potentialAction":[{"@type":"SearchAction","target":{"@type":"EntryPoint","urlTemplate":"https:\/\/comtron.si\/?s={search_term_string}"},"query-input":{"@type":"PropertyValueSpecification","valueRequired":true,"valueName":"search_term_string"}}],"inLanguage":"hr"},{"@type":"Organization","@id":"https:\/\/comtron.si\/#organization","name":"Comtron - IT re\u0161itve in programska oprema","alternateName":"COMTRON napredna ra\u010dunalni\u0161ka tehnologija","url":"https:\/\/comtron.si\/","logo":{"@type":"ImageObject","inLanguage":"hr","@id":"https:\/\/comtron.si\/#\/schema\/logo\/image\/","url":"https:\/\/comtron.si\/wp-content\/uploads\/2023\/09\/cropped-comtron-logo.png","contentUrl":"https:\/\/comtron.si\/wp-content\/uploads\/2023\/09\/cropped-comtron-logo.png","width":3436,"height":650,"caption":"Comtron - IT re\u0161itve in programska oprema"},"image":{"@id":"https:\/\/comtron.si\/#\/schema\/logo\/image\/"},"sameAs":["https:\/\/www.facebook.com\/p\/Comtron-doo-100064104696891\/","https:\/\/www.youtube.com\/@comtron-tron"],"description":"In\u017eenjering sustava i softver","email":"info@comtron.si","telephone":"+386 2 3003 500","legalName":"COMTRON napredna ra\u010dunalni\u0161ka tehnologija d.o.o.","foundingDate":"1989-09-01","vatID":"SI11931477","taxID":"11931477","numberOfEmployees":{"@type":"QuantitativeValue","minValue":"51","maxValue":"200"}}]}},"_links":{"self":[{"href":"https:\/\/comtron.si\/hr\/wp-json\/wp\/v2\/pages\/2990","targetHints":{"allow":["GET"]}}],"collection":[{"href":"https:\/\/comtron.si\/hr\/wp-json\/wp\/v2\/pages"}],"about":[{"href":"https:\/\/comtron.si\/hr\/wp-json\/wp\/v2\/types\/page"}],"author":[{"embeddable":true,"href":"https:\/\/comtron.si\/hr\/wp-json\/wp\/v2\/users\/17"}],"replies":[{"embeddable":true,"href":"https:\/\/comtron.si\/hr\/wp-json\/wp\/v2\/comments?post=2990"}],"version-history":[{"count":0,"href":"https:\/\/comtron.si\/hr\/wp-json\/wp\/v2\/pages\/2990\/revisions"}],"up":[{"embeddable":true,"href":"https:\/\/comtron.si\/hr\/wp-json\/wp\/v2\/pages\/2988"}],"wp:attachment":[{"href":"https:\/\/comtron.si\/hr\/wp-json\/wp\/v2\/media?parent=2990"}],"wp:term":[{"taxonomy":"podrocje","embeddable":true,"href":"https:\/\/comtron.si\/hr\/wp-json\/wp\/v2\/podrocje?post=2990"}],"curies":[{"name":"wp","href":"https:\/\/api.w.org\/{rel}","templated":true}]}}