{"id":2611,"date":"2023-06-16T10:42:23","date_gmt":"2023-06-16T08:42:23","guid":{"rendered":"https:\/\/comtron.si\/?page_id=2611"},"modified":"2024-10-10T06:00:43","modified_gmt":"2024-10-10T04:00:43","slug":"izjava-o-privatnosti","status":"publish","type":"page","link":"https:\/\/comtron.si\/hr\/centar-za-privatnost\/izjava-o-privatnosti\/","title":{"rendered":"Izjava o privatnosti"},"content":{"rendered":"<p><strong>IZJAVA O PRIVATNOSTI<\/strong><br \/>\nNa\u0161a web stranica koristi kola\u010di\u0107e. To su mali dijelovi podataka koje web poslu\u017eitelj nudi va\u0161em pregledniku kada ga posjetite. To ih obi\u010dno sprema na va\u0161e ra\u010dunalo ili mobilni ure\u0111aj, a pri sljede\u0107im posjetima spremljeni kola\u010di\u0107 ponovno se \u0161alje iz preglednika na poslu\u017eitelj. Kola\u010di\u0107i se koriste za spremanje postavki, upravljanje sesijom pojedinog korisnika, razlikovanje korisnika i njihovo pra\u0107enje na web stranici (mo\u017ee i izme\u0111u vi\u0161e web stranica). Kontrolu u\u010ditavanja kola\u010di\u0107a, pregled njihovih svojstava i brisanje mogu\u0107e je u postavkama Va\u0161eg web preglednika ili kori\u0161tenjem dodatnih dodataka u njemu.<\/p>\n<p><strong>Kola\u010di\u0107i se razlikuju prema sljede\u0107im karakteristikama:<\/strong><\/p>\n<p>privremeni (i sesijski) ili trajni kola\u010di\u0107i,<br \/>\nvlastite kola\u010di\u0107e ili kola\u010di\u0107e tre\u0107e strane.<br \/>\nKola\u010di\u0107 sesije je kola\u010di\u0107 koji se automatski bri\u0161e kada zatvorite preglednik, dok trajni kola\u010di\u0107 ostaje pohranjen u va\u0161em pregledniku dok ne pro\u0111e odre\u0111eno vremensko razdoblje (\u0161to mo\u017ee biti minute, dani ili godine).<\/p>\n<p>Vlastite kola\u010di\u0107e postavlja web stranica koju ste posjetili, a kola\u010di\u0107e tre\u0107e strane postavlja vanjska partnerska web usluga koja je uklju\u010dena u web stranicu za \u017eeljenu funkcionalnost.<\/p>\n<p><strong>Koje kola\u010di\u0107e koristimo na na\u0161oj web stranici?<\/strong><\/p>\n<p>Na web stranici koristimo kola\u010di\u0107e analiti\u010dke usluge Google Analytics, koji su trajni i privremeni (kola\u010di\u0107i sesije), te topove dodatka WordPress Statistics. Servis koristimo u svrhu analize posje\u0107enosti (brojenje posjetitelja, identifikacija preglednika i vremena koje je korisnik proveo na stranici, problemi s navigacijom itd.). Omogu\u0107uju nam procjenu dosega i interesa na\u0161ih priloga te odaziva na povremene medijske kampanje koje provodimo. Sve podatke koristimo interno i isklju\u010divo u svrhu pobolj\u0161anja na\u0161e web stranice.<\/p>\n<p><strong>\u0160to je s kola\u010di\u0107ima povezanim s dodacima dru\u0161tvenih mre\u017ea?<\/strong><\/p>\n<p>Kola\u010di\u0107i povezani s dodacima dru\u0161tvenih mre\u017ea omogu\u0107uju nam integraciju njihovih proizvoda u sadr\u017eaj na\u0161e web stranice - tako da posjetitelji mogu dijeliti sadr\u017eaj sa svojim prijateljima ili drugim povezanim osobama (razli\u010diti gumbi poput like, share content, preporu\u010diti...). Dodaci koriste kola\u010di\u0107e kako bi dru\u0161tvene mre\u017ee mogle identificirati svoje \u010dlanove kada do\u0111u na web mjesto s dodatkom. Ako niste prijavljeni na pojedina\u010dnu dru\u0161tvenu mre\u017eu (ili niste njen \u010dlan) kada posje\u0107ujete na\u0161u web stranicu, potreban je pristanak za u\u010ditavanje kola\u010di\u0107a pomo\u0107u dodataka.<\/p>\n<p><strong>Ostale poveznice<\/strong><\/p>\n<p>Na web stranici mo\u017eete prona\u0107i poveznice na druge web stranice koje nisu pod na\u0161im upravljanjem. Nismo odgovorni za po\u0161tivanje privatnosti ili sadr\u017eaja ovih web stranica, jednostavno posjetiteljima pru\u017eamo poveznice putem kojih mogu prona\u0107i korisne informacije iz podru\u010dja informacijske sigurnosti.<\/p>","protected":false},"excerpt":{"rendered":"<p>IZJAVA O ZASEBNOSTI Na\u0161e spletno mesto uporablja pi\u0161kotke. To so majhni podatkovni drobci, ki jih spletni stre\u017enik ob obisku ponudi va\u0161emu brskalniku. Ta jih obi\u010dajno shrani na va\u0161 ra\u010dunalnik oziroma mobilno napravo, ob poznej\u0161ih obiskih pa se shranjeni pi\u0161kotek iz brskalnika ponovno po\u0161lje stre\u017eniku. Pi\u0161kotki se uporabljajo za shranjevanje nastavitev, vodenje seje posameznega uporabnika, razlikovanje [&hellip;]<\/p>\n","protected":false},"author":17,"featured_media":0,"parent":2988,"menu_order":0,"comment_status":"closed","ping_status":"closed","template":"","meta":{"_acf_changed":false,"footnotes":""},"podrocje":[],"class_list":["post-2611","page","type-page","status-publish","hentry"],"blocksy_meta":[],"acf":{"hero_section":{"pretitle":"","title":"","shortdescription":"","ocena":""},"cenaod":"","title_kljucne_funkcionalnosti":"","content_kljucne_funkcionalnosti":"","seznam_kljucne_funkcionalnosti":"","slika_kljucne_funkcionalnosti":null,"video_url":""},"yoast_head":"<!-- This site is optimized with the Yoast SEO Premium plugin v26.5 (Yoast SEO v27.4) - https:\/\/yoast.com\/product\/yoast-seo-premium-wordpress\/ -->\n<title>Izjava o zasebnosti - Comtron<\/title>\n<meta name=\"robots\" content=\"index, follow, max-snippet:-1, max-image-preview:large, max-video-preview:-1\" \/>\n<link rel=\"canonical\" href=\"https:\/\/comtron.si\/hr\/centar-za-privatnost\/izjava-o-privatnosti\/\" \/>\n<meta property=\"og:locale\" content=\"hr_HR\" \/>\n<meta property=\"og:type\" content=\"article\" \/>\n<meta property=\"og:title\" content=\"Izjava o zasebnosti\" \/>\n<meta property=\"og:description\" content=\"IZJAVA O ZASEBNOSTI Na\u0161e spletno mesto uporablja pi\u0161kotke. To so majhni podatkovni drobci, ki jih spletni stre\u017enik ob obisku ponudi va\u0161emu brskalniku. Ta jih obi\u010dajno shrani na va\u0161 ra\u010dunalnik oziroma mobilno napravo, ob poznej\u0161ih obiskih pa se shranjeni pi\u0161kotek iz brskalnika ponovno po\u0161lje stre\u017eniku. Pi\u0161kotki se uporabljajo za shranjevanje nastavitev, vodenje seje posameznega uporabnika, razlikovanje [&hellip;]\" \/>\n<meta property=\"og:url\" content=\"https:\/\/comtron.si\/hr\/centar-za-privatnost\/izjava-o-privatnosti\/\" \/>\n<meta property=\"og:site_name\" content=\"Comtron\" \/>\n<meta property=\"article:publisher\" content=\"https:\/\/www.facebook.com\/p\/Comtron-doo-100064104696891\/\" \/>\n<meta property=\"article:modified_time\" content=\"2024-10-10T04:00:43+00:00\" \/>\n<meta property=\"og:image\" content=\"https:\/\/comtron.si\/wp-content\/uploads\/2024\/10\/TRONerp-1.jpeg\" \/>\n\t<meta property=\"og:image:width\" content=\"1950\" \/>\n\t<meta property=\"og:image:height\" content=\"1300\" \/>\n\t<meta property=\"og:image:type\" content=\"image\/jpeg\" \/>\n<meta name=\"twitter:card\" content=\"summary_large_image\" \/>\n<meta name=\"twitter:label1\" content=\"Procijenjeno vrijeme \u010ditanja\" \/>\n\t<meta name=\"twitter:data1\" content=\"3 minute\" \/>\n<script type=\"application\/ld+json\" class=\"yoast-schema-graph\">{\"@context\":\"https:\\\/\\\/schema.org\",\"@graph\":[{\"@type\":\"WebPage\",\"@id\":\"https:\\\/\\\/comtron.si\\\/center-zasebnosti\\\/izjava-o-zasebnosti\\\/\",\"url\":\"https:\\\/\\\/comtron.si\\\/center-zasebnosti\\\/izjava-o-zasebnosti\\\/\",\"name\":\"Izjava o zasebnosti - Comtron\",\"isPartOf\":{\"@id\":\"https:\\\/\\\/comtron.si\\\/#website\"},\"datePublished\":\"2023-06-16T08:42:23+00:00\",\"dateModified\":\"2024-10-10T04:00:43+00:00\",\"breadcrumb\":{\"@id\":\"https:\\\/\\\/comtron.si\\\/center-zasebnosti\\\/izjava-o-zasebnosti\\\/#breadcrumb\"},\"inLanguage\":\"hr\",\"potentialAction\":[{\"@type\":\"ReadAction\",\"target\":[\"https:\\\/\\\/comtron.si\\\/center-zasebnosti\\\/izjava-o-zasebnosti\\\/\"]}]},{\"@type\":\"BreadcrumbList\",\"@id\":\"https:\\\/\\\/comtron.si\\\/center-zasebnosti\\\/izjava-o-zasebnosti\\\/#breadcrumb\",\"itemListElement\":[{\"@type\":\"ListItem\",\"position\":1,\"name\":\"Domov\",\"item\":\"https:\\\/\\\/comtron.si\\\/\"},{\"@type\":\"ListItem\",\"position\":2,\"name\":\"Center zasebnosti\",\"item\":\"https:\\\/\\\/comtron.si\\\/center-zasebnosti\\\/\"},{\"@type\":\"ListItem\",\"position\":3,\"name\":\"Izjava o zasebnosti\"}]},{\"@type\":\"WebSite\",\"@id\":\"https:\\\/\\\/comtron.si\\\/#website\",\"url\":\"https:\\\/\\\/comtron.si\\\/\",\"name\":\"Comtron\",\"description\":\"Sistemski in\u017eeniring in programska oprema Comtron\",\"publisher\":{\"@id\":\"https:\\\/\\\/comtron.si\\\/#organization\"},\"alternateName\":\"Sistemski in\u017eeniring in programska oprema Comtron\",\"potentialAction\":[{\"@type\":\"SearchAction\",\"target\":{\"@type\":\"EntryPoint\",\"urlTemplate\":\"https:\\\/\\\/comtron.si\\\/?s={search_term_string}\"},\"query-input\":{\"@type\":\"PropertyValueSpecification\",\"valueRequired\":true,\"valueName\":\"search_term_string\"}}],\"inLanguage\":\"hr\"},{\"@type\":\"Organization\",\"@id\":\"https:\\\/\\\/comtron.si\\\/#organization\",\"name\":\"Comtron - IT re\u0161itve in programska oprema\",\"alternateName\":\"COMTRON napredna ra\u010dunalni\u0161ka tehnologija\",\"url\":\"https:\\\/\\\/comtron.si\\\/\",\"logo\":{\"@type\":\"ImageObject\",\"inLanguage\":\"hr\",\"@id\":\"https:\\\/\\\/comtron.si\\\/#\\\/schema\\\/logo\\\/image\\\/\",\"url\":\"https:\\\/\\\/comtron.si\\\/wp-content\\\/uploads\\\/2023\\\/09\\\/cropped-comtron-logo.png\",\"contentUrl\":\"https:\\\/\\\/comtron.si\\\/wp-content\\\/uploads\\\/2023\\\/09\\\/cropped-comtron-logo.png\",\"width\":3436,\"height\":650,\"caption\":\"Comtron - IT re\u0161itve in programska oprema\"},\"image\":{\"@id\":\"https:\\\/\\\/comtron.si\\\/#\\\/schema\\\/logo\\\/image\\\/\"},\"sameAs\":[\"https:\\\/\\\/www.facebook.com\\\/p\\\/Comtron-doo-100064104696891\\\/\",\"https:\\\/\\\/www.youtube.com\\\/@comtron-tron\"],\"description\":\"Sistemski in\u017eeniring in programska oprema\",\"email\":\"info@comtron.si\",\"telephone\":\"+386 2 3003 500\",\"legalName\":\"COMTRON napredna ra\u010dunalni\u0161ka tehnologija d.o.o.\",\"foundingDate\":\"1989-09-01\",\"vatID\":\"SI11931477\",\"taxID\":\"11931477\",\"numberOfEmployees\":{\"@type\":\"QuantitativeValue\",\"minValue\":\"51\",\"maxValue\":\"200\"}}]}<\/script>\n<!-- \/ Yoast SEO Premium plugin. -->","yoast_head_json":{"title":"Izjava o privatnosti - Comtron","robots":{"index":"index","follow":"follow","max-snippet":"max-snippet:-1","max-image-preview":"max-image-preview:large","max-video-preview":"max-video-preview:-1"},"canonical":"https:\/\/comtron.si\/hr\/centar-za-privatnost\/izjava-o-privatnosti\/","og_locale":"hr_HR","og_type":"article","og_title":"Izjava o zasebnosti","og_description":"IZJAVA O ZASEBNOSTI Na\u0161e spletno mesto uporablja pi\u0161kotke. To so majhni podatkovni drobci, ki jih spletni stre\u017enik ob obisku ponudi va\u0161emu brskalniku. Ta jih obi\u010dajno shrani na va\u0161 ra\u010dunalnik oziroma mobilno napravo, ob poznej\u0161ih obiskih pa se shranjeni pi\u0161kotek iz brskalnika ponovno po\u0161lje stre\u017eniku. Pi\u0161kotki se uporabljajo za shranjevanje nastavitev, vodenje seje posameznega uporabnika, razlikovanje [&hellip;]","og_url":"https:\/\/comtron.si\/hr\/centar-za-privatnost\/izjava-o-privatnosti\/","og_site_name":"Comtron","article_publisher":"https:\/\/www.facebook.com\/p\/Comtron-doo-100064104696891\/","article_modified_time":"2024-10-10T04:00:43+00:00","og_image":[{"width":1950,"height":1300,"url":"https:\/\/comtron.si\/wp-content\/uploads\/2024\/10\/TRONerp-1.jpeg","type":"image\/jpeg"}],"twitter_card":"summary_large_image","twitter_misc":{"Procijenjeno vrijeme \u010ditanja":"3 minute"},"schema":{"@context":"https:\/\/schema.org","@graph":[{"@type":"WebPage","@id":"https:\/\/comtron.si\/center-zasebnosti\/izjava-o-zasebnosti\/","url":"https:\/\/comtron.si\/center-zasebnosti\/izjava-o-zasebnosti\/","name":"Izjava o privatnosti - Comtron","isPartOf":{"@id":"https:\/\/comtron.si\/#website"},"datePublished":"2023-06-16T08:42:23+00:00","dateModified":"2024-10-10T04:00:43+00:00","breadcrumb":{"@id":"https:\/\/comtron.si\/center-zasebnosti\/izjava-o-zasebnosti\/#breadcrumb"},"inLanguage":"hr","potentialAction":[{"@type":"ReadAction","target":["https:\/\/comtron.si\/center-zasebnosti\/izjava-o-zasebnosti\/"]}]},{"@type":"BreadcrumbList","@id":"https:\/\/comtron.si\/center-zasebnosti\/izjava-o-zasebnosti\/#breadcrumb","itemListElement":[{"@type":"ListItem","position":1,"name":"Domov","item":"https:\/\/comtron.si\/"},{"@type":"ListItem","position":2,"name":"Center zasebnosti","item":"https:\/\/comtron.si\/center-zasebnosti\/"},{"@type":"ListItem","position":3,"name":"Izjava o zasebnosti"}]},{"@type":"WebSite","@id":"https:\/\/comtron.si\/#website","url":"https:\/\/comtron.si\/","name":"Comtron","description":"Comtron Systems Engineering i softver","publisher":{"@id":"https:\/\/comtron.si\/#organization"},"alternateName":"Sistemski in\u017eeniring in programska oprema Comtron","potentialAction":[{"@type":"SearchAction","target":{"@type":"EntryPoint","urlTemplate":"https:\/\/comtron.si\/?s={search_term_string}"},"query-input":{"@type":"PropertyValueSpecification","valueRequired":true,"valueName":"search_term_string"}}],"inLanguage":"hr"},{"@type":"Organization","@id":"https:\/\/comtron.si\/#organization","name":"Comtron - IT re\u0161itve in programska oprema","alternateName":"COMTRON napredna ra\u010dunalni\u0161ka tehnologija","url":"https:\/\/comtron.si\/","logo":{"@type":"ImageObject","inLanguage":"hr","@id":"https:\/\/comtron.si\/#\/schema\/logo\/image\/","url":"https:\/\/comtron.si\/wp-content\/uploads\/2023\/09\/cropped-comtron-logo.png","contentUrl":"https:\/\/comtron.si\/wp-content\/uploads\/2023\/09\/cropped-comtron-logo.png","width":3436,"height":650,"caption":"Comtron - IT re\u0161itve in programska oprema"},"image":{"@id":"https:\/\/comtron.si\/#\/schema\/logo\/image\/"},"sameAs":["https:\/\/www.facebook.com\/p\/Comtron-doo-100064104696891\/","https:\/\/www.youtube.com\/@comtron-tron"],"description":"In\u017eenjering sustava i softver","email":"info@comtron.si","telephone":"+386 2 3003 500","legalName":"COMTRON napredna ra\u010dunalni\u0161ka tehnologija d.o.o.","foundingDate":"1989-09-01","vatID":"SI11931477","taxID":"11931477","numberOfEmployees":{"@type":"QuantitativeValue","minValue":"51","maxValue":"200"}}]}},"_links":{"self":[{"href":"https:\/\/comtron.si\/hr\/wp-json\/wp\/v2\/pages\/2611","targetHints":{"allow":["GET"]}}],"collection":[{"href":"https:\/\/comtron.si\/hr\/wp-json\/wp\/v2\/pages"}],"about":[{"href":"https:\/\/comtron.si\/hr\/wp-json\/wp\/v2\/types\/page"}],"author":[{"embeddable":true,"href":"https:\/\/comtron.si\/hr\/wp-json\/wp\/v2\/users\/17"}],"replies":[{"embeddable":true,"href":"https:\/\/comtron.si\/hr\/wp-json\/wp\/v2\/comments?post=2611"}],"version-history":[{"count":0,"href":"https:\/\/comtron.si\/hr\/wp-json\/wp\/v2\/pages\/2611\/revisions"}],"up":[{"embeddable":true,"href":"https:\/\/comtron.si\/hr\/wp-json\/wp\/v2\/pages\/2988"}],"wp:attachment":[{"href":"https:\/\/comtron.si\/hr\/wp-json\/wp\/v2\/media?parent=2611"}],"wp:term":[{"taxonomy":"podrocje","embeddable":true,"href":"https:\/\/comtron.si\/hr\/wp-json\/wp\/v2\/podrocje?post=2611"}],"curies":[{"name":"wp","href":"https:\/\/api.w.org\/{rel}","templated":true}]}}