{"id":24523,"date":"2026-04-23T23:20:48","date_gmt":"2026-04-23T21:20:48","guid":{"rendered":"https:\/\/comtron.si\/?page_id=24523"},"modified":"2026-04-23T23:21:15","modified_gmt":"2026-04-23T21:21:15","slug":"politika-upravljanja-sistema-informacijske-varnosti","status":"publish","type":"page","link":"https:\/\/comtron.si\/hr\/o-nama\/politika-upravljanja-sistema-informacijske-varnosti\/","title":{"rendered":"Politika upravljanja sistema informacijske varnosti"},"content":{"rendered":"<p>Politika upravljanja sistema informacijske varnosti temelji na zahtevah ISO 27001 ter zagotavlja dosego visokih standardov informacijske varnosti. Z obvladovanjem tveganj, stalnih izbolj\u0161evanjem procesov in osredoto\u010denostjo na potrebe kupcev si podjetje prizadeva za dolgoro\u010dno uspe\u0161nost ter ohranjanje zaupanja vseh zainteresiranih strani.<\/p>\n<p>Na\u0161a politika temelji na naslednjih klju\u010dnih ciljih:<\/p>\n<p><strong>Zagotavljanje kakovosti:<\/strong> Izdelki in storitve, ki v celoti izpolnjujejo pri\u010dakovanja kupcev ter zahteve zakonodaje.<\/p>\n<p><strong>Za\u0161\u010dita informacij:<\/strong> Zagotavljanje zaupnosti, celovitosti in razpolo\u017eljivosti informacij ter z njimi povezanih sredstev, skladno z dodeljenimi pravicami, kompetencami in odgovornostmi.<\/p>\n<p><strong>Obvladovanje tveganj:<\/strong> Sistemati\u010dno prepoznavanje, ocenjevanje in obvladovanje tveganj, povezanih z informacijsko varnostjo.<\/p>\n<p><strong>Stalno izbolj\u0161evanje:<\/strong> Neprekinjeno izbolj\u0161evanje u\u010dinkovitosti sistema vodenja in poslovnih procesov.<\/p>\n<p><strong>Zadovoljstvo kupcev:<\/strong> Razumevanje in izpolnjevanje potreb ter pri\u010dakovanj kupcev.<\/p>\n<p>Za dosego ciljev smo razvili naslednje pristope:<\/p>\n<p><strong>Upravljanje informacijske varnosti:<\/strong> Uvajanje in izvajanje ustreznih tehni\u010dnih, organizacijskih in administrativnih ukrepov za za\u0161\u010dito informacij.<\/p>\n<p><strong>Usmerjenost na kupce:<\/strong> Sistemati\u010dno zbiranje in analiza povratnih informacij ter izbolj\u0161evanje storitev.<\/p>\n<p><strong>Obvladovanje tveganj:<\/strong> Redno izvajanje analiz tveganj ter sprejemanje ustreznih ukrepov za njihovo zmanj\u0161evanje.<\/p>\n<p><strong>Izobra\u017eevanje in ozave\u0161\u010danje:<\/strong> Zagotavljanje ustrezne usposobljenosti in ozave\u0161\u010denosti zaposlenih na podro\u010dju informacijske varnosti.<\/p>\n<p><strong>Stalno izbolj\u0161evanje:<\/strong> Izvajanje notranjih presoj, spremljanje uspe\u0161nosti ter izvajanje korektivnih in preventivnih ukrepov.<\/p>\n<p><strong>Uskla\u0111enost sa zakonodavstvom:<\/strong> Zagotavljanje skladnosti z veljavnimi zakonskimi, regulativnimi in pogodbenimi zahtevami.<\/p>\n<p>2.10.2025<\/p>\n<p>Direktor : Ivan Selar<\/p>","protected":false},"excerpt":{"rendered":"<p>Politika upravljanja sistema informacijske varnosti temelji na zahtevah ISO 27001 ter zagotavlja dosego visokih standardov informacijske varnosti. Z obvladovanjem tveganj, stalnih izbolj\u0161evanjem procesov in osredoto\u010denostjo na potrebe kupcev si podjetje prizadeva za dolgoro\u010dno uspe\u0161nost ter ohranjanje zaupanja vseh zainteresiranih strani. Na\u0161a politika temelji na naslednjih klju\u010dnih ciljih: Zagotavljanje kakovosti: Izdelki in storitve, ki v celoti [&hellip;]<\/p>\n","protected":false},"author":26,"featured_media":0,"parent":20704,"menu_order":0,"comment_status":"closed","ping_status":"closed","template":"","meta":{"_acf_changed":false,"footnotes":""},"podrocje":[],"class_list":["post-24523","page","type-page","status-publish","hentry"],"blocksy_meta":{"page_structure_type":"type-3","styles_descriptor":{"styles":{"desktop":"","tablet":"","mobile":""},"google_fonts":[],"version":6}},"acf":{"hero_section":{"pretitle":"","title":"","shortdescription":"","ocena":""},"cenaod":"","title_kljucne_funkcionalnosti":"","content_kljucne_funkcionalnosti":"","seznam_kljucne_funkcionalnosti":"","slika_kljucne_funkcionalnosti":"","video_url":""},"yoast_head":"<!-- This site is optimized with the Yoast SEO Premium plugin v26.5 (Yoast SEO v27.4) - https:\/\/yoast.com\/product\/yoast-seo-premium-wordpress\/ -->\n<title>Politika upravljanja sistema informacijske varnosti - Comtron<\/title>\n<meta name=\"robots\" content=\"index, follow, max-snippet:-1, max-image-preview:large, max-video-preview:-1\" \/>\n<link rel=\"canonical\" href=\"https:\/\/comtron.si\/hr\/o-nama\/politika-upravljanja-sistema-informacijske-varnosti\/\" \/>\n<meta property=\"og:locale\" content=\"hr_HR\" \/>\n<meta property=\"og:type\" content=\"article\" \/>\n<meta property=\"og:title\" content=\"Politika upravljanja sistema informacijske varnosti\" \/>\n<meta property=\"og:description\" content=\"Politika upravljanja sistema informacijske varnosti temelji na zahtevah ISO 27001 ter zagotavlja dosego visokih standardov informacijske varnosti. Z obvladovanjem tveganj, stalnih izbolj\u0161evanjem procesov in osredoto\u010denostjo na potrebe kupcev si podjetje prizadeva za dolgoro\u010dno uspe\u0161nost ter ohranjanje zaupanja vseh zainteresiranih strani. Na\u0161a politika temelji na naslednjih klju\u010dnih ciljih: Zagotavljanje kakovosti: Izdelki in storitve, ki v celoti [&hellip;]\" \/>\n<meta property=\"og:url\" content=\"https:\/\/comtron.si\/hr\/o-nama\/politika-upravljanja-sistema-informacijske-varnosti\/\" \/>\n<meta property=\"og:site_name\" content=\"Comtron\" \/>\n<meta property=\"article:publisher\" content=\"https:\/\/www.facebook.com\/p\/Comtron-doo-100064104696891\/\" \/>\n<meta property=\"article:modified_time\" content=\"2026-04-23T21:21:15+00:00\" \/>\n<meta property=\"og:image\" content=\"https:\/\/comtron.si\/wp-content\/uploads\/2024\/10\/TRONerp-1.jpeg\" \/>\n\t<meta property=\"og:image:width\" content=\"1950\" \/>\n\t<meta property=\"og:image:height\" content=\"1300\" \/>\n\t<meta property=\"og:image:type\" content=\"image\/jpeg\" \/>\n<meta name=\"twitter:card\" content=\"summary_large_image\" \/>\n<meta name=\"twitter:label1\" content=\"Procijenjeno vrijeme \u010ditanja\" \/>\n\t<meta name=\"twitter:data1\" content=\"3 minute\" \/>\n<script type=\"application\/ld+json\" class=\"yoast-schema-graph\">{\"@context\":\"https:\\\/\\\/schema.org\",\"@graph\":[{\"@type\":\"WebPage\",\"@id\":\"https:\\\/\\\/comtron.si\\\/o-nas\\\/politika-upravljanja-sistema-informacijske-varnosti\\\/\",\"url\":\"https:\\\/\\\/comtron.si\\\/o-nas\\\/politika-upravljanja-sistema-informacijske-varnosti\\\/\",\"name\":\"Politika upravljanja sistema informacijske varnosti - Comtron\",\"isPartOf\":{\"@id\":\"https:\\\/\\\/comtron.si\\\/#website\"},\"datePublished\":\"2026-04-23T21:20:48+00:00\",\"dateModified\":\"2026-04-23T21:21:15+00:00\",\"breadcrumb\":{\"@id\":\"https:\\\/\\\/comtron.si\\\/o-nas\\\/politika-upravljanja-sistema-informacijske-varnosti\\\/#breadcrumb\"},\"inLanguage\":\"hr\",\"potentialAction\":[{\"@type\":\"ReadAction\",\"target\":[\"https:\\\/\\\/comtron.si\\\/o-nas\\\/politika-upravljanja-sistema-informacijske-varnosti\\\/\"]}]},{\"@type\":\"BreadcrumbList\",\"@id\":\"https:\\\/\\\/comtron.si\\\/o-nas\\\/politika-upravljanja-sistema-informacijske-varnosti\\\/#breadcrumb\",\"itemListElement\":[{\"@type\":\"ListItem\",\"position\":1,\"name\":\"Domov\",\"item\":\"https:\\\/\\\/comtron.si\\\/\"},{\"@type\":\"ListItem\",\"position\":2,\"name\":\"O nas\",\"item\":\"https:\\\/\\\/comtron.si\\\/o-nas\\\/\"},{\"@type\":\"ListItem\",\"position\":3,\"name\":\"Politika upravljanja sistema informacijske varnosti\"}]},{\"@type\":\"WebSite\",\"@id\":\"https:\\\/\\\/comtron.si\\\/#website\",\"url\":\"https:\\\/\\\/comtron.si\\\/\",\"name\":\"Comtron\",\"description\":\"Sistemski in\u017eeniring in programska oprema Comtron\",\"publisher\":{\"@id\":\"https:\\\/\\\/comtron.si\\\/#organization\"},\"alternateName\":\"Sistemski in\u017eeniring in programska oprema Comtron\",\"potentialAction\":[{\"@type\":\"SearchAction\",\"target\":{\"@type\":\"EntryPoint\",\"urlTemplate\":\"https:\\\/\\\/comtron.si\\\/?s={search_term_string}\"},\"query-input\":{\"@type\":\"PropertyValueSpecification\",\"valueRequired\":true,\"valueName\":\"search_term_string\"}}],\"inLanguage\":\"hr\"},{\"@type\":\"Organization\",\"@id\":\"https:\\\/\\\/comtron.si\\\/#organization\",\"name\":\"Comtron - IT re\u0161itve in programska oprema\",\"alternateName\":\"COMTRON napredna ra\u010dunalni\u0161ka tehnologija\",\"url\":\"https:\\\/\\\/comtron.si\\\/\",\"logo\":{\"@type\":\"ImageObject\",\"inLanguage\":\"hr\",\"@id\":\"https:\\\/\\\/comtron.si\\\/#\\\/schema\\\/logo\\\/image\\\/\",\"url\":\"https:\\\/\\\/comtron.si\\\/wp-content\\\/uploads\\\/2023\\\/09\\\/cropped-comtron-logo.png\",\"contentUrl\":\"https:\\\/\\\/comtron.si\\\/wp-content\\\/uploads\\\/2023\\\/09\\\/cropped-comtron-logo.png\",\"width\":3436,\"height\":650,\"caption\":\"Comtron - IT re\u0161itve in programska oprema\"},\"image\":{\"@id\":\"https:\\\/\\\/comtron.si\\\/#\\\/schema\\\/logo\\\/image\\\/\"},\"sameAs\":[\"https:\\\/\\\/www.facebook.com\\\/p\\\/Comtron-doo-100064104696891\\\/\",\"https:\\\/\\\/www.youtube.com\\\/@comtron-tron\"],\"description\":\"Sistemski in\u017eeniring in programska oprema\",\"email\":\"info@comtron.si\",\"telephone\":\"+386 2 3003 500\",\"legalName\":\"COMTRON napredna ra\u010dunalni\u0161ka tehnologija d.o.o.\",\"foundingDate\":\"1989-09-01\",\"vatID\":\"SI11931477\",\"taxID\":\"11931477\",\"numberOfEmployees\":{\"@type\":\"QuantitativeValue\",\"minValue\":\"51\",\"maxValue\":\"200\"}}]}<\/script>\n<!-- \/ Yoast SEO Premium plugin. -->","yoast_head_json":{"title":"Politika upravljanja sistema informacijske varnosti - Comtron","robots":{"index":"index","follow":"follow","max-snippet":"max-snippet:-1","max-image-preview":"max-image-preview:large","max-video-preview":"max-video-preview:-1"},"canonical":"https:\/\/comtron.si\/hr\/o-nama\/politika-upravljanja-sistema-informacijske-varnosti\/","og_locale":"hr_HR","og_type":"article","og_title":"Politika upravljanja sistema informacijske varnosti","og_description":"Politika upravljanja sistema informacijske varnosti temelji na zahtevah ISO 27001 ter zagotavlja dosego visokih standardov informacijske varnosti. Z obvladovanjem tveganj, stalnih izbolj\u0161evanjem procesov in osredoto\u010denostjo na potrebe kupcev si podjetje prizadeva za dolgoro\u010dno uspe\u0161nost ter ohranjanje zaupanja vseh zainteresiranih strani. Na\u0161a politika temelji na naslednjih klju\u010dnih ciljih: Zagotavljanje kakovosti: Izdelki in storitve, ki v celoti [&hellip;]","og_url":"https:\/\/comtron.si\/hr\/o-nama\/politika-upravljanja-sistema-informacijske-varnosti\/","og_site_name":"Comtron","article_publisher":"https:\/\/www.facebook.com\/p\/Comtron-doo-100064104696891\/","article_modified_time":"2026-04-23T21:21:15+00:00","og_image":[{"width":1950,"height":1300,"url":"https:\/\/comtron.si\/wp-content\/uploads\/2024\/10\/TRONerp-1.jpeg","type":"image\/jpeg"}],"twitter_card":"summary_large_image","twitter_misc":{"Procijenjeno vrijeme \u010ditanja":"3 minute"},"schema":{"@context":"https:\/\/schema.org","@graph":[{"@type":"WebPage","@id":"https:\/\/comtron.si\/o-nas\/politika-upravljanja-sistema-informacijske-varnosti\/","url":"https:\/\/comtron.si\/o-nas\/politika-upravljanja-sistema-informacijske-varnosti\/","name":"Politika upravljanja sistema informacijske varnosti - Comtron","isPartOf":{"@id":"https:\/\/comtron.si\/#website"},"datePublished":"2026-04-23T21:20:48+00:00","dateModified":"2026-04-23T21:21:15+00:00","breadcrumb":{"@id":"https:\/\/comtron.si\/o-nas\/politika-upravljanja-sistema-informacijske-varnosti\/#breadcrumb"},"inLanguage":"hr","potentialAction":[{"@type":"ReadAction","target":["https:\/\/comtron.si\/o-nas\/politika-upravljanja-sistema-informacijske-varnosti\/"]}]},{"@type":"BreadcrumbList","@id":"https:\/\/comtron.si\/o-nas\/politika-upravljanja-sistema-informacijske-varnosti\/#breadcrumb","itemListElement":[{"@type":"ListItem","position":1,"name":"Domov","item":"https:\/\/comtron.si\/"},{"@type":"ListItem","position":2,"name":"O nas","item":"https:\/\/comtron.si\/o-nas\/"},{"@type":"ListItem","position":3,"name":"Politika upravljanja sistema informacijske varnosti"}]},{"@type":"WebSite","@id":"https:\/\/comtron.si\/#website","url":"https:\/\/comtron.si\/","name":"Comtron","description":"Comtron Systems Engineering i softver","publisher":{"@id":"https:\/\/comtron.si\/#organization"},"alternateName":"Sistemski in\u017eeniring in programska oprema Comtron","potentialAction":[{"@type":"SearchAction","target":{"@type":"EntryPoint","urlTemplate":"https:\/\/comtron.si\/?s={search_term_string}"},"query-input":{"@type":"PropertyValueSpecification","valueRequired":true,"valueName":"search_term_string"}}],"inLanguage":"hr"},{"@type":"Organization","@id":"https:\/\/comtron.si\/#organization","name":"Comtron - IT re\u0161itve in programska oprema","alternateName":"COMTRON napredna ra\u010dunalni\u0161ka tehnologija","url":"https:\/\/comtron.si\/","logo":{"@type":"ImageObject","inLanguage":"hr","@id":"https:\/\/comtron.si\/#\/schema\/logo\/image\/","url":"https:\/\/comtron.si\/wp-content\/uploads\/2023\/09\/cropped-comtron-logo.png","contentUrl":"https:\/\/comtron.si\/wp-content\/uploads\/2023\/09\/cropped-comtron-logo.png","width":3436,"height":650,"caption":"Comtron - IT re\u0161itve in programska oprema"},"image":{"@id":"https:\/\/comtron.si\/#\/schema\/logo\/image\/"},"sameAs":["https:\/\/www.facebook.com\/p\/Comtron-doo-100064104696891\/","https:\/\/www.youtube.com\/@comtron-tron"],"description":"In\u017eenjering sustava i softver","email":"info@comtron.si","telephone":"+386 2 3003 500","legalName":"COMTRON napredna ra\u010dunalni\u0161ka tehnologija d.o.o.","foundingDate":"1989-09-01","vatID":"SI11931477","taxID":"11931477","numberOfEmployees":{"@type":"QuantitativeValue","minValue":"51","maxValue":"200"}}]}},"_links":{"self":[{"href":"https:\/\/comtron.si\/hr\/wp-json\/wp\/v2\/pages\/24523","targetHints":{"allow":["GET"]}}],"collection":[{"href":"https:\/\/comtron.si\/hr\/wp-json\/wp\/v2\/pages"}],"about":[{"href":"https:\/\/comtron.si\/hr\/wp-json\/wp\/v2\/types\/page"}],"author":[{"embeddable":true,"href":"https:\/\/comtron.si\/hr\/wp-json\/wp\/v2\/users\/26"}],"replies":[{"embeddable":true,"href":"https:\/\/comtron.si\/hr\/wp-json\/wp\/v2\/comments?post=24523"}],"version-history":[{"count":1,"href":"https:\/\/comtron.si\/hr\/wp-json\/wp\/v2\/pages\/24523\/revisions"}],"predecessor-version":[{"id":24524,"href":"https:\/\/comtron.si\/hr\/wp-json\/wp\/v2\/pages\/24523\/revisions\/24524"}],"up":[{"embeddable":true,"href":"https:\/\/comtron.si\/hr\/wp-json\/wp\/v2\/pages\/20704"}],"wp:attachment":[{"href":"https:\/\/comtron.si\/hr\/wp-json\/wp\/v2\/media?parent=24523"}],"wp:term":[{"taxonomy":"podrocje","embeddable":true,"href":"https:\/\/comtron.si\/hr\/wp-json\/wp\/v2\/podrocje?post=24523"}],"curies":[{"name":"wp","href":"https:\/\/api.w.org\/{rel}","templated":true}]}}