{"id":2990,"date":"2023-09-03T10:30:07","date_gmt":"2023-09-03T08:30:07","guid":{"rendered":"https:\/\/comtron.ponudbe.org\/center-zasebnosti\/piskotki\/"},"modified":"2023-10-15T10:39:44","modified_gmt":"2023-10-15T08:39:44","slug":"cookies","status":"publish","type":"page","link":"https:\/\/comtron.si\/en\/privacy-center\/cookies\/","title":{"rendered":"Cookies"},"content":{"rendered":"<div data-elementor-type=\"wp-page\" data-elementor-id=\"2990\" class=\"elementor elementor-2990\" data-elementor-post-type=\"page\">\n\t\t\t\t\t\t<section class=\"elementor-section elementor-top-section elementor-element elementor-element-077a0cd elementor-section-boxed elementor-section-height-default elementor-section-height-default\" data-id=\"077a0cd\" data-element_type=\"section\" data-e-type=\"section\" data-settings=\"{&quot;background_background&quot;:&quot;classic&quot;}\">\n\t\t\t\t\t\t\t<div class=\"elementor-background-overlay\"><\/div>\n\t\t\t\t\t\t\t<div class=\"elementor-container elementor-column-gap-default\">\n\t\t\t\t\t<div class=\"elementor-column elementor-col-50 elementor-top-column elementor-element elementor-element-19afa4d\" data-id=\"19afa4d\" data-element_type=\"column\" data-e-type=\"column\">\n\t\t\t<div class=\"elementor-widget-wrap elementor-element-populated\">\n\t\t\t\t\t\t<div class=\"elementor-element elementor-element-4c8286a animated-fast elementor-invisible elementor-widget elementor-widget-heading\" data-id=\"4c8286a\" data-element_type=\"widget\" data-e-type=\"widget\" data-settings=\"{&quot;_animation&quot;:&quot;fadeInUp&quot;,&quot;_animation_delay&quot;:200}\" data-widget_type=\"heading.default\">\n\t\t\t\t\t<h1 class=\"elementor-heading-title elementor-size-default\">Cookies<\/h1>\t\t\t\t<\/div>\n\t\t\t\t<div class=\"elementor-element elementor-element-9fe6ef9 elementor-invisible elementor-widget elementor-widget-text-editor\" data-id=\"9fe6ef9\" data-element_type=\"widget\" data-e-type=\"widget\" data-settings=\"{&quot;_animation&quot;:&quot;fadeInUp&quot;,&quot;_animation_delay&quot;:300}\" data-widget_type=\"text-editor.default\">\n\t\t\t\t\t\t\t\t\t<p>Cookies are small text files that are created by a visited website and contain data. They are stored on the visitor&#039;s computer to enable the user to access various functions.<\/p>\t\t\t\t\t\t\t\t<\/div>\n\t\t\t\t\t<\/div>\n\t\t<\/div>\n\t\t\t\t<div class=\"elementor-column elementor-col-50 elementor-top-column elementor-element elementor-element-b2b432c\" data-id=\"b2b432c\" data-element_type=\"column\" data-e-type=\"column\">\n\t\t\t<div class=\"elementor-widget-wrap elementor-element-populated\">\n\t\t\t\t\t\t<div class=\"elementor-element elementor-element-10562c7 elementor-widget elementor-widget-image\" data-id=\"10562c7\" data-element_type=\"widget\" data-e-type=\"widget\" data-widget_type=\"image.default\">\n\t\t\t\t\t\t\t\t\t\t\t\t\t\t\t<img fetchpriority=\"high\" decoding=\"async\" width=\"768\" height=\"532\" src=\"https:\/\/comtron.si\/wp-content\/uploads\/2023\/09\/gdpr.png\" class=\"attachment-large size-large wp-image-3484\" alt=\"gdpr\" srcset=\"https:\/\/comtron.si\/wp-content\/uploads\/2023\/09\/gdpr.png 768w, https:\/\/comtron.si\/wp-content\/uploads\/2023\/09\/gdpr-300x208.png 300w\" sizes=\"(max-width: 768px) 100vw, 768px\" \/>\t\t\t\t\t\t\t\t\t\t\t\t\t\t\t<\/div>\n\t\t\t\t\t<\/div>\n\t\t<\/div>\n\t\t\t\t\t<\/div>\n\t\t<\/section>\n\t\t<div class=\"elementor-element elementor-element-f73caca e-flex e-con-boxed e-con e-parent\" data-id=\"f73caca\" data-element_type=\"container\" data-e-type=\"container\">\n\t\t\t\t\t<div class=\"e-con-inner\">\n\t\t\t\t<div class=\"elementor-element elementor-element-2215062 elementor-widget elementor-widget-text-editor\" data-id=\"2215062\" data-element_type=\"widget\" data-e-type=\"widget\" data-widget_type=\"text-editor.default\">\n\t\t\t\t\t\t\t\t\t<p>Our website uses both session and non-session cookies. A session cookie is temporarily stored in your computer&#039;s memory while you browse the site. This cookie is deleted when the user closes their web browser or after a certain time (which means the session expires). A non-session cookie remains on the visitor&#039;s computer until it is deleted.<\/p><p>Through cookies\u00a0<b>we cannot access your personal information or information that is on your computer, other than that which is publicly available<\/b>\u00a0(browser type, operating system type, etc.). We use cookies to adapt our offer to your preferences and to analyze how the offers are used.<\/p><p>Cookies are fundamental to providing user-friendly online services and the most common e-business functions would not be possible without cookies. With their help, we can evaluate the effectiveness of our website design. The interaction between the web user and the website is faster and easier with the help of cookies. With their help, the website remembers the individual&#039;s preferences and experiences, which makes browsing the website more efficient and enjoyable.<\/p><p>About the recommended and permitted use of cookies on websites, you can also read the Information Commissioner&#039;s guidelines for the use of cookies, which you can find\u00a0<a href=\"https:\/\/www.ip-rs.si\/fileadmin\/user_upload\/Pdf\/smernice\/Smernice_o_uporabi_piskotkov.pdf\" target=\"_blank\" rel=\"noopener\">at this link<\/a>.<\/p>\t\t\t\t\t\t\t\t<\/div>\n\t\t\t\t\t<\/div>\n\t\t\t\t<\/div>\n\t\t<div class=\"elementor-element elementor-element-9e3babf e-flex e-con-boxed e-con e-parent\" data-id=\"9e3babf\" data-element_type=\"container\" data-e-type=\"container\">\n\t\t\t\t\t<div class=\"e-con-inner\">\n\t\t\t\t<div class=\"elementor-element elementor-element-199c238 elementor-widget elementor-widget-text-editor\" data-id=\"199c238\" data-element_type=\"widget\" data-e-type=\"widget\" data-widget_type=\"text-editor.default\">\n\t\t\t\t\t\t\t\t\t<h5><b>Why do we use cookies?<\/b><\/h5><p>We use cookies to learn more about how visitors interact with our content and help us improve the user experience when visiting our website.<\/p><h5><b>Site functionality<\/b><\/h5><p>The sharing feature is used by visitors to recommend our website and content on social networks such as Facebook and Twitter. Cookies store information about how visitors use the sharing function so that the website can be improved. If you do not accept cookies, no data is stored.<\/p><p>We use third-party suppliers for certain features within our website, such as when you visit a page with videos embedded from YouTube or links to YouTube. These videos or links (and any other content from third party suppliers) may contain cookies from third parties and you can consult the policies of those third party websites for information about their use of cookies.<\/p>\t\t\t\t\t\t\t\t<\/div>\n\t\t\t\t\t<\/div>\n\t\t\t\t<\/div>\n\t\t<div class=\"elementor-element elementor-element-c4a9a04 e-flex e-con-boxed e-con e-parent\" data-id=\"c4a9a04\" data-element_type=\"container\" data-e-type=\"container\">\n\t\t\t\t\t<div class=\"e-con-inner\">\n\t\t\t\t<div class=\"elementor-element elementor-element-808fd37 elementor-widget elementor-widget-text-editor\" data-id=\"808fd37\" data-element_type=\"widget\" data-e-type=\"widget\" data-widget_type=\"text-editor.default\">\n\t\t\t\t\t\t\t\t\t<h5><b>Cookies we use:<\/b><\/h5><p>This website uses Google Analytics, which uses cookies (_ga, _gid, _gat), Facebook pixel, which uses cookies (m_pixel_ratio, presence, sb, wd, xs, fr, tr, c_user, datr). At an aggregate level, cookies store information about how visitors use the website, including the number of pages viewed, where the visitor came from and the number of visits. The website also uses technical cookies (wordpress_test_cookie, wordpress_logged_in_, wordpress_sec). We use the data to improve the website and provide a better user experience. If you do not accept cookies, no data is stored.<\/p><p>We will not use cookies to collect personal information about the visitor.<\/p>\t\t\t\t\t\t\t\t<\/div>\n\t\t\t\t\t<\/div>\n\t\t\t\t<\/div>\n\t\t<div class=\"elementor-element elementor-element-2b892c9 e-flex e-con-boxed e-con e-parent\" data-id=\"2b892c9\" data-element_type=\"container\" data-e-type=\"container\">\n\t\t\t\t\t<div class=\"e-con-inner\">\n\t\t\t\t<div class=\"elementor-element elementor-element-4979a90 elementor-widget elementor-widget-text-editor\" data-id=\"4979a90\" data-element_type=\"widget\" data-e-type=\"widget\" data-widget_type=\"text-editor.default\">\n\t\t\t\t\t\t\t\t\t<h5><b>Manage cookies?<\/b><\/h5><p>If you want to change the way cookies are used in your browser, including blocking or deleting them, you can do so by changing your browser settings accordingly. To manage cookies, most browsers allow you to accept or reject all cookies, accept only a certain type of cookie, or warn you that the site wants to save a cookie. You can also easily delete the cookies saved by the browser. If you change or delete your browser&#039;s cookie file, change or reward your browser or device, you may need to disable cookies again. The procedure for managing and deleting cookies varies from browser to browser. If you need help with this, you can look in the browser&#039;s user help. You can also disable cookies on our website in the settings of the cookie plugin or when visiting our website for the first time (you click on &quot;Reject cookies&quot;)<\/p>\t\t\t\t\t\t\t\t<\/div>\n\t\t\t\t\t<\/div>\n\t\t\t\t<\/div>\n\t\t\t\t<\/div>","protected":false},"excerpt":{"rendered":"<p>Pi\u0161kotki so majhne tekstovne datoteke, ki jih ustvari obiskano spletno mesto in vsebujejo podatke. Shranjene so na ra\u010dunalniku obiskovalca, da uporabniku omogo\u010dijo dostop do razli\u010dnih funkcij. Na na\u0161em spletnem mestu se uporabljajo tako sejni pi\u0161kotki kot pi\u0161kotki brez sej. Sejni pi\u0161kotek se za\u010dasno shrani v pomnilnik ra\u010dunalnika, medtem ko obiskovalci brskate po spletnem mestu. Ta [&hellip;]<\/p>\n","protected":false},"author":17,"featured_media":0,"parent":2988,"menu_order":0,"comment_status":"closed","ping_status":"closed","template":"","meta":{"_acf_changed":false,"footnotes":""},"podrocje":[],"class_list":["post-2990","page","type-page","status-publish","hentry"],"blocksy_meta":[],"acf":{"hero_section":{"pretitle":"","title":"","shortdescription":"","ocena":""},"cenaod":"","title_kljucne_funkcionalnosti":"","content_kljucne_funkcionalnosti":"","seznam_kljucne_funkcionalnosti":"","slika_kljucne_funkcionalnosti":null,"video_url":""},"yoast_head":"<!-- This site is optimized with the Yoast SEO Premium plugin v26.5 (Yoast SEO v27.4) - https:\/\/yoast.com\/product\/yoast-seo-premium-wordpress\/ -->\n<title>Pi\u0161kotki - Comtron<\/title>\n<meta name=\"robots\" content=\"index, follow, max-snippet:-1, max-image-preview:large, max-video-preview:-1\" \/>\n<link rel=\"canonical\" href=\"https:\/\/comtron.si\/en\/privacy-center\/cookies\/\" \/>\n<meta property=\"og:locale\" content=\"en_US\" \/>\n<meta property=\"og:type\" content=\"article\" \/>\n<meta property=\"og:title\" content=\"Pi\u0161kotki\" \/>\n<meta property=\"og:description\" content=\"Pi\u0161kotki so majhne tekstovne datoteke, ki jih ustvari obiskano spletno mesto in vsebujejo podatke. Shranjene so na ra\u010dunalniku obiskovalca, da uporabniku omogo\u010dijo dostop do razli\u010dnih funkcij. Na na\u0161em spletnem mestu se uporabljajo tako sejni pi\u0161kotki kot pi\u0161kotki brez sej. Sejni pi\u0161kotek se za\u010dasno shrani v pomnilnik ra\u010dunalnika, medtem ko obiskovalci brskate po spletnem mestu. Ta [&hellip;]\" \/>\n<meta property=\"og:url\" content=\"https:\/\/comtron.si\/en\/privacy-center\/cookies\/\" \/>\n<meta property=\"og:site_name\" content=\"Comtron\" \/>\n<meta property=\"article:publisher\" content=\"https:\/\/www.facebook.com\/p\/Comtron-doo-100064104696891\/\" \/>\n<meta property=\"article:modified_time\" content=\"2023-10-15T08:39:44+00:00\" \/>\n<meta property=\"og:image\" content=\"https:\/\/nova.comtron.si\/wp-content\/uploads\/2023\/09\/gdpr.png\" \/>\n<meta name=\"twitter:card\" content=\"summary_large_image\" \/>\n<meta name=\"twitter:label1\" content=\"Est. reading time\" \/>\n\t<meta name=\"twitter:data1\" content=\"3 minutes\" \/>\n<script type=\"application\/ld+json\" class=\"yoast-schema-graph\">{\"@context\":\"https:\\\/\\\/schema.org\",\"@graph\":[{\"@type\":\"WebPage\",\"@id\":\"https:\\\/\\\/comtron.si\\\/center-zasebnosti\\\/piskotki\\\/\",\"url\":\"https:\\\/\\\/comtron.si\\\/center-zasebnosti\\\/piskotki\\\/\",\"name\":\"Pi\u0161kotki - Comtron\",\"isPartOf\":{\"@id\":\"https:\\\/\\\/comtron.si\\\/#website\"},\"primaryImageOfPage\":{\"@id\":\"https:\\\/\\\/comtron.si\\\/center-zasebnosti\\\/piskotki\\\/#primaryimage\"},\"image\":{\"@id\":\"https:\\\/\\\/comtron.si\\\/center-zasebnosti\\\/piskotki\\\/#primaryimage\"},\"thumbnailUrl\":\"https:\\\/\\\/nova.comtron.si\\\/wp-content\\\/uploads\\\/2023\\\/09\\\/gdpr.png\",\"datePublished\":\"2023-09-03T08:30:07+00:00\",\"dateModified\":\"2023-10-15T08:39:44+00:00\",\"breadcrumb\":{\"@id\":\"https:\\\/\\\/comtron.si\\\/center-zasebnosti\\\/piskotki\\\/#breadcrumb\"},\"inLanguage\":\"en-US\",\"potentialAction\":[{\"@type\":\"ReadAction\",\"target\":[\"https:\\\/\\\/comtron.si\\\/center-zasebnosti\\\/piskotki\\\/\"]}]},{\"@type\":\"ImageObject\",\"inLanguage\":\"en-US\",\"@id\":\"https:\\\/\\\/comtron.si\\\/center-zasebnosti\\\/piskotki\\\/#primaryimage\",\"url\":\"https:\\\/\\\/nova.comtron.si\\\/wp-content\\\/uploads\\\/2023\\\/09\\\/gdpr.png\",\"contentUrl\":\"https:\\\/\\\/nova.comtron.si\\\/wp-content\\\/uploads\\\/2023\\\/09\\\/gdpr.png\"},{\"@type\":\"BreadcrumbList\",\"@id\":\"https:\\\/\\\/comtron.si\\\/center-zasebnosti\\\/piskotki\\\/#breadcrumb\",\"itemListElement\":[{\"@type\":\"ListItem\",\"position\":1,\"name\":\"Domov\",\"item\":\"https:\\\/\\\/comtron.si\\\/\"},{\"@type\":\"ListItem\",\"position\":2,\"name\":\"Center zasebnosti\",\"item\":\"https:\\\/\\\/comtron.si\\\/center-zasebnosti\\\/\"},{\"@type\":\"ListItem\",\"position\":3,\"name\":\"Pi\u0161kotki\"}]},{\"@type\":\"WebSite\",\"@id\":\"https:\\\/\\\/comtron.si\\\/#website\",\"url\":\"https:\\\/\\\/comtron.si\\\/\",\"name\":\"Comtron\",\"description\":\"Sistemski in\u017eeniring in programska oprema Comtron\",\"publisher\":{\"@id\":\"https:\\\/\\\/comtron.si\\\/#organization\"},\"alternateName\":\"Sistemski in\u017eeniring in programska oprema Comtron\",\"potentialAction\":[{\"@type\":\"SearchAction\",\"target\":{\"@type\":\"EntryPoint\",\"urlTemplate\":\"https:\\\/\\\/comtron.si\\\/?s={search_term_string}\"},\"query-input\":{\"@type\":\"PropertyValueSpecification\",\"valueRequired\":true,\"valueName\":\"search_term_string\"}}],\"inLanguage\":\"en-US\"},{\"@type\":\"Organization\",\"@id\":\"https:\\\/\\\/comtron.si\\\/#organization\",\"name\":\"Comtron - IT re\u0161itve in programska oprema\",\"alternateName\":\"COMTRON napredna ra\u010dunalni\u0161ka tehnologija\",\"url\":\"https:\\\/\\\/comtron.si\\\/\",\"logo\":{\"@type\":\"ImageObject\",\"inLanguage\":\"en-US\",\"@id\":\"https:\\\/\\\/comtron.si\\\/#\\\/schema\\\/logo\\\/image\\\/\",\"url\":\"https:\\\/\\\/comtron.si\\\/wp-content\\\/uploads\\\/2023\\\/09\\\/cropped-comtron-logo.png\",\"contentUrl\":\"https:\\\/\\\/comtron.si\\\/wp-content\\\/uploads\\\/2023\\\/09\\\/cropped-comtron-logo.png\",\"width\":3436,\"height\":650,\"caption\":\"Comtron - IT re\u0161itve in programska oprema\"},\"image\":{\"@id\":\"https:\\\/\\\/comtron.si\\\/#\\\/schema\\\/logo\\\/image\\\/\"},\"sameAs\":[\"https:\\\/\\\/www.facebook.com\\\/p\\\/Comtron-doo-100064104696891\\\/\",\"https:\\\/\\\/www.youtube.com\\\/@comtron-tron\"],\"description\":\"Sistemski in\u017eeniring in programska oprema\",\"email\":\"info@comtron.si\",\"telephone\":\"+386 2 3003 500\",\"legalName\":\"COMTRON napredna ra\u010dunalni\u0161ka tehnologija d.o.o.\",\"foundingDate\":\"1989-09-01\",\"vatID\":\"SI11931477\",\"taxID\":\"11931477\",\"numberOfEmployees\":{\"@type\":\"QuantitativeValue\",\"minValue\":\"51\",\"maxValue\":\"200\"}}]}<\/script>\n<!-- \/ Yoast SEO Premium plugin. -->","yoast_head_json":{"title":"Cookies - Comtron","robots":{"index":"index","follow":"follow","max-snippet":"max-snippet:-1","max-image-preview":"max-image-preview:large","max-video-preview":"max-video-preview:-1"},"canonical":"https:\/\/comtron.si\/en\/privacy-center\/cookies\/","og_locale":"en_US","og_type":"article","og_title":"Pi\u0161kotki","og_description":"Pi\u0161kotki so majhne tekstovne datoteke, ki jih ustvari obiskano spletno mesto in vsebujejo podatke. Shranjene so na ra\u010dunalniku obiskovalca, da uporabniku omogo\u010dijo dostop do razli\u010dnih funkcij. Na na\u0161em spletnem mestu se uporabljajo tako sejni pi\u0161kotki kot pi\u0161kotki brez sej. Sejni pi\u0161kotek se za\u010dasno shrani v pomnilnik ra\u010dunalnika, medtem ko obiskovalci brskate po spletnem mestu. Ta [&hellip;]","og_url":"https:\/\/comtron.si\/en\/privacy-center\/cookies\/","og_site_name":"Comtron","article_publisher":"https:\/\/www.facebook.com\/p\/Comtron-doo-100064104696891\/","article_modified_time":"2023-10-15T08:39:44+00:00","og_image":[{"url":"https:\/\/nova.comtron.si\/wp-content\/uploads\/2023\/09\/gdpr.png","type":"","width":"","height":""}],"twitter_card":"summary_large_image","twitter_misc":{"Est. reading time":"3 minutes"},"schema":{"@context":"https:\/\/schema.org","@graph":[{"@type":"WebPage","@id":"https:\/\/comtron.si\/center-zasebnosti\/piskotki\/","url":"https:\/\/comtron.si\/center-zasebnosti\/piskotki\/","name":"Cookies - Comtron","isPartOf":{"@id":"https:\/\/comtron.si\/#website"},"primaryImageOfPage":{"@id":"https:\/\/comtron.si\/center-zasebnosti\/piskotki\/#primaryimage"},"image":{"@id":"https:\/\/comtron.si\/center-zasebnosti\/piskotki\/#primaryimage"},"thumbnailUrl":"https:\/\/nova.comtron.si\/wp-content\/uploads\/2023\/09\/gdpr.png","datePublished":"2023-09-03T08:30:07+00:00","dateModified":"2023-10-15T08:39:44+00:00","breadcrumb":{"@id":"https:\/\/comtron.si\/center-zasebnosti\/piskotki\/#breadcrumb"},"inLanguage":"en-US","potentialAction":[{"@type":"ReadAction","target":["https:\/\/comtron.si\/center-zasebnosti\/piskotki\/"]}]},{"@type":"ImageObject","inLanguage":"en-US","@id":"https:\/\/comtron.si\/center-zasebnosti\/piskotki\/#primaryimage","url":"https:\/\/nova.comtron.si\/wp-content\/uploads\/2023\/09\/gdpr.png","contentUrl":"https:\/\/nova.comtron.si\/wp-content\/uploads\/2023\/09\/gdpr.png"},{"@type":"BreadcrumbList","@id":"https:\/\/comtron.si\/center-zasebnosti\/piskotki\/#breadcrumb","itemListElement":[{"@type":"ListItem","position":1,"name":"Domov","item":"https:\/\/comtron.si\/"},{"@type":"ListItem","position":2,"name":"Center zasebnosti","item":"https:\/\/comtron.si\/center-zasebnosti\/"},{"@type":"ListItem","position":3,"name":"Pi\u0161kotki"}]},{"@type":"WebSite","@id":"https:\/\/comtron.si\/#website","url":"https:\/\/comtron.si\/","name":"Comtron","description":"Comtron Systems Engineering and Software","publisher":{"@id":"https:\/\/comtron.si\/#organization"},"alternateName":"Sistemski in\u017eeniring in programska oprema Comtron","potentialAction":[{"@type":"SearchAction","target":{"@type":"EntryPoint","urlTemplate":"https:\/\/comtron.si\/?s={search_term_string}"},"query-input":{"@type":"PropertyValueSpecification","valueRequired":true,"valueName":"search_term_string"}}],"inLanguage":"en-US"},{"@type":"Organization","@id":"https:\/\/comtron.si\/#organization","name":"Comtron - IT re\u0161itve in programska oprema","alternateName":"COMTRON napredna ra\u010dunalni\u0161ka tehnologija","url":"https:\/\/comtron.si\/","logo":{"@type":"ImageObject","inLanguage":"en-US","@id":"https:\/\/comtron.si\/#\/schema\/logo\/image\/","url":"https:\/\/comtron.si\/wp-content\/uploads\/2023\/09\/cropped-comtron-logo.png","contentUrl":"https:\/\/comtron.si\/wp-content\/uploads\/2023\/09\/cropped-comtron-logo.png","width":3436,"height":650,"caption":"Comtron - IT re\u0161itve in programska oprema"},"image":{"@id":"https:\/\/comtron.si\/#\/schema\/logo\/image\/"},"sameAs":["https:\/\/www.facebook.com\/p\/Comtron-doo-100064104696891\/","https:\/\/www.youtube.com\/@comtron-tron"],"description":"Systems Engineering and Software","email":"info@comtron.si","telephone":"+386 2 3003 500","legalName":"COMTRON napredna ra\u010dunalni\u0161ka tehnologija d.o.o.","foundingDate":"1989-09-01","vatID":"SI11931477","taxID":"11931477","numberOfEmployees":{"@type":"QuantitativeValue","minValue":"51","maxValue":"200"}}]}},"_links":{"self":[{"href":"https:\/\/comtron.si\/en\/wp-json\/wp\/v2\/pages\/2990","targetHints":{"allow":["GET"]}}],"collection":[{"href":"https:\/\/comtron.si\/en\/wp-json\/wp\/v2\/pages"}],"about":[{"href":"https:\/\/comtron.si\/en\/wp-json\/wp\/v2\/types\/page"}],"author":[{"embeddable":true,"href":"https:\/\/comtron.si\/en\/wp-json\/wp\/v2\/users\/17"}],"replies":[{"embeddable":true,"href":"https:\/\/comtron.si\/en\/wp-json\/wp\/v2\/comments?post=2990"}],"version-history":[{"count":0,"href":"https:\/\/comtron.si\/en\/wp-json\/wp\/v2\/pages\/2990\/revisions"}],"up":[{"embeddable":true,"href":"https:\/\/comtron.si\/en\/wp-json\/wp\/v2\/pages\/2988"}],"wp:attachment":[{"href":"https:\/\/comtron.si\/en\/wp-json\/wp\/v2\/media?parent=2990"}],"wp:term":[{"taxonomy":"podrocje","embeddable":true,"href":"https:\/\/comtron.si\/en\/wp-json\/wp\/v2\/podrocje?post=2990"}],"curies":[{"name":"wp","href":"https:\/\/api.w.org\/{rel}","templated":true}]}}