{"id":2990,"date":"2023-09-03T10:30:07","date_gmt":"2023-09-03T08:30:07","guid":{"rendered":"https:\/\/comtron.ponudbe.org\/center-zasebnosti\/piskotki\/"},"modified":"2023-10-15T10:39:44","modified_gmt":"2023-10-15T08:39:44","slug":"kekse","status":"publish","type":"page","link":"https:\/\/comtron.si\/de\/datenschutzcenter\/kekse\/","title":{"rendered":"Kekse"},"content":{"rendered":"<div data-elementor-type=\"wp-page\" data-elementor-id=\"2990\" class=\"elementor elementor-2990\" data-elementor-post-type=\"page\">\n\t\t\t\t\t\t<section class=\"elementor-section elementor-top-section elementor-element elementor-element-077a0cd elementor-section-boxed elementor-section-height-default elementor-section-height-default\" data-id=\"077a0cd\" data-element_type=\"section\" data-e-type=\"section\" data-settings=\"{&quot;background_background&quot;:&quot;classic&quot;}\">\n\t\t\t\t\t\t\t<div class=\"elementor-background-overlay\"><\/div>\n\t\t\t\t\t\t\t<div class=\"elementor-container elementor-column-gap-default\">\n\t\t\t\t\t<div class=\"elementor-column elementor-col-50 elementor-top-column elementor-element elementor-element-19afa4d\" data-id=\"19afa4d\" data-element_type=\"column\" data-e-type=\"column\">\n\t\t\t<div class=\"elementor-widget-wrap elementor-element-populated\">\n\t\t\t\t\t\t<div class=\"elementor-element elementor-element-4c8286a animated-fast elementor-invisible elementor-widget elementor-widget-heading\" data-id=\"4c8286a\" data-element_type=\"widget\" data-e-type=\"widget\" data-settings=\"{&quot;_animation&quot;:&quot;fadeInUp&quot;,&quot;_animation_delay&quot;:200}\" data-widget_type=\"heading.default\">\n\t\t\t\t\t<h1 class=\"elementor-heading-title elementor-size-default\">Kekse<\/h1>\t\t\t\t<\/div>\n\t\t\t\t<div class=\"elementor-element elementor-element-9fe6ef9 elementor-invisible elementor-widget elementor-widget-text-editor\" data-id=\"9fe6ef9\" data-element_type=\"widget\" data-e-type=\"widget\" data-settings=\"{&quot;_animation&quot;:&quot;fadeInUp&quot;,&quot;_animation_delay&quot;:300}\" data-widget_type=\"text-editor.default\">\n\t\t\t\t\t\t\t\t\t<p>Cookies sind kleine Textdateien, die von einer besuchten Website erstellt werden und Daten enthalten. Sie werden auf dem Computer des Besuchers gespeichert, um ihm den Zugriff auf verschiedene Funktionen zu erm\u00f6glichen.<\/p>\t\t\t\t\t\t\t\t<\/div>\n\t\t\t\t\t<\/div>\n\t\t<\/div>\n\t\t\t\t<div class=\"elementor-column elementor-col-50 elementor-top-column elementor-element elementor-element-b2b432c\" data-id=\"b2b432c\" data-element_type=\"column\" data-e-type=\"column\">\n\t\t\t<div class=\"elementor-widget-wrap elementor-element-populated\">\n\t\t\t\t\t\t<div class=\"elementor-element elementor-element-10562c7 elementor-widget elementor-widget-image\" data-id=\"10562c7\" data-element_type=\"widget\" data-e-type=\"widget\" data-widget_type=\"image.default\">\n\t\t\t\t\t\t\t\t\t\t\t\t\t\t\t<img fetchpriority=\"high\" decoding=\"async\" width=\"768\" height=\"532\" src=\"https:\/\/comtron.si\/wp-content\/uploads\/2023\/09\/gdpr.png\" class=\"attachment-large size-large wp-image-3484\" alt=\"DSGVO\" srcset=\"https:\/\/comtron.si\/wp-content\/uploads\/2023\/09\/gdpr.png 768w, https:\/\/comtron.si\/wp-content\/uploads\/2023\/09\/gdpr-300x208.png 300w\" sizes=\"(max-width: 768px) 100vw, 768px\" \/>\t\t\t\t\t\t\t\t\t\t\t\t\t\t\t<\/div>\n\t\t\t\t\t<\/div>\n\t\t<\/div>\n\t\t\t\t\t<\/div>\n\t\t<\/section>\n\t\t<div class=\"elementor-element elementor-element-f73caca e-flex e-con-boxed e-con e-parent\" data-id=\"f73caca\" data-element_type=\"container\" data-e-type=\"container\">\n\t\t\t\t\t<div class=\"e-con-inner\">\n\t\t\t\t<div class=\"elementor-element elementor-element-2215062 elementor-widget elementor-widget-text-editor\" data-id=\"2215062\" data-element_type=\"widget\" data-e-type=\"widget\" data-widget_type=\"text-editor.default\">\n\t\t\t\t\t\t\t\t\t<p>Unsere Website verwendet sowohl Sitzungs- als auch Nicht-Sitzungscookies. W\u00e4hrend Sie auf der Website surfen, wird ein Sitzungscookie vor\u00fcbergehend im Speicher Ihres Computers gespeichert. Dieses Cookie wird gel\u00f6scht, wenn der Benutzer seinen Webbrowser schlie\u00dft oder nach einer bestimmten Zeit (was bedeutet, dass die Sitzung abl\u00e4uft). Ein Nicht-Sitzungs-Cookie verbleibt auf dem Computer des Besuchers, bis es gel\u00f6scht wird.<\/p><p>Durch Cookies\u00a0<b>Wir haben keinen Zugriff auf Ihre pers\u00f6nlichen Daten oder auf Daten, die sich auf Ihrem Computer befinden, sofern diese nicht \u00f6ffentlich zug\u00e4nglich sind<\/b>\u00a0(Browsertyp, Betriebssystemtyp usw.). Wir nutzen Cookies, um unser Angebot an Ihre Pr\u00e4ferenzen anzupassen und die Nutzung der Angebote zu analysieren.<\/p><p>Cookies sind f\u00fcr die Bereitstellung benutzerfreundlicher Online-Dienste von grundlegender Bedeutung und die g\u00e4ngigsten E-Business-Funktionen w\u00e4ren ohne Cookies nicht m\u00f6glich. Mit ihrer Hilfe k\u00f6nnen wir die Wirksamkeit unseres Website-Designs bewerten. Die Interaktion zwischen dem Webbenutzer und der Website wird mithilfe von Cookies schneller und einfacher. Mit ihrer Hilfe merkt sich die Website die Vorlieben und Erfahrungen des Einzelnen, was das Surfen im Internet effizienter und angenehmer macht.<\/p><p>Informationen zur empfohlenen und zul\u00e4ssigen Verwendung von Cookies auf Websites finden Sie auch in den Richtlinien des Information Commissioner zur Verwendung von Cookies, die Sie hier finden\u00a0<a href=\"https:\/\/www.ip-rs.si\/fileadmin\/user_upload\/Pdf\/smernice\/Smernice_o_uporabi_piskotkov.pdf\" target=\"_blank\" rel=\"noopener\">unter diesem Link<\/a>.<\/p>\t\t\t\t\t\t\t\t<\/div>\n\t\t\t\t\t<\/div>\n\t\t\t\t<\/div>\n\t\t<div class=\"elementor-element elementor-element-9e3babf e-flex e-con-boxed e-con e-parent\" data-id=\"9e3babf\" data-element_type=\"container\" data-e-type=\"container\">\n\t\t\t\t\t<div class=\"e-con-inner\">\n\t\t\t\t<div class=\"elementor-element elementor-element-199c238 elementor-widget elementor-widget-text-editor\" data-id=\"199c238\" data-element_type=\"widget\" data-e-type=\"widget\" data-widget_type=\"text-editor.default\">\n\t\t\t\t\t\t\t\t\t<h5><b>Warum verwenden wir Cookies?<\/b><\/h5><p>Wir verwenden Cookies, um mehr dar\u00fcber zu erfahren, wie Besucher mit unseren Inhalten interagieren, und um das Benutzererlebnis beim Besuch unserer Website zu verbessern.<\/p><h5><b>Site-Funktionalit\u00e4t<\/b><\/h5><p>Die Sharing-Funktion wird von Besuchern genutzt, um unsere Website und Inhalte in sozialen Netzwerken wie Facebook und Twitter zu empfehlen. Cookies speichern Informationen dar\u00fcber, wie Besucher die Freigabefunktion nutzen, damit die Website verbessert werden kann. Wenn Sie keine Cookies akzeptieren, werden keine Daten gespeichert.<\/p><p>F\u00fcr bestimmte Funktionen unserer Website nutzen wir Drittanbieter, beispielsweise wenn Sie eine Seite mit von YouTube eingebetteten Videos oder Links zu YouTube besuchen. Diese Videos oder Links (und alle anderen Inhalte von Drittanbietern) k\u00f6nnen Cookies von Drittanbietern enthalten und Sie k\u00f6nnen die Richtlinien dieser Drittanbieter-Websites einsehen, um Informationen \u00fcber deren Verwendung von Cookies zu erhalten.<\/p>\t\t\t\t\t\t\t\t<\/div>\n\t\t\t\t\t<\/div>\n\t\t\t\t<\/div>\n\t\t<div class=\"elementor-element elementor-element-c4a9a04 e-flex e-con-boxed e-con e-parent\" data-id=\"c4a9a04\" data-element_type=\"container\" data-e-type=\"container\">\n\t\t\t\t\t<div class=\"e-con-inner\">\n\t\t\t\t<div class=\"elementor-element elementor-element-808fd37 elementor-widget elementor-widget-text-editor\" data-id=\"808fd37\" data-element_type=\"widget\" data-e-type=\"widget\" data-widget_type=\"text-editor.default\">\n\t\t\t\t\t\t\t\t\t<h5><b>Von uns verwendete Cookies:<\/b><\/h5><p>Diese Website verwendet Google Analytics, das Cookies verwendet (_ga, _gid, _gat), Facebook-Pixel, das Cookies verwendet (m_pixel_ratio, Presence, sb, wd, xs, fr, tr, c_user, datr). Auf aggregierter Ebene speichern Cookies Informationen dar\u00fcber, wie Besucher die Website nutzen, einschlie\u00dflich der Anzahl der aufgerufenen Seiten, der Herkunft des Besuchers und der Anzahl der Besuche. Die Website verwendet auch technische Cookies (wordpress_test_cookie, wordpress_logged_in_, wordpress_sec). Wir verwenden die Daten, um die Website zu verbessern und ein besseres Benutzererlebnis zu bieten. Wenn Sie keine Cookies akzeptieren, werden keine Daten gespeichert.<\/p><p>Wir werden keine Cookies verwenden, um pers\u00f6nliche Informationen \u00fcber den Besucher zu sammeln.<\/p>\t\t\t\t\t\t\t\t<\/div>\n\t\t\t\t\t<\/div>\n\t\t\t\t<\/div>\n\t\t<div class=\"elementor-element elementor-element-2b892c9 e-flex e-con-boxed e-con e-parent\" data-id=\"2b892c9\" data-element_type=\"container\" data-e-type=\"container\">\n\t\t\t\t\t<div class=\"e-con-inner\">\n\t\t\t\t<div class=\"elementor-element elementor-element-4979a90 elementor-widget elementor-widget-text-editor\" data-id=\"4979a90\" data-element_type=\"widget\" data-e-type=\"widget\" data-widget_type=\"text-editor.default\">\n\t\t\t\t\t\t\t\t\t<h5><b>Cookies verwalten?<\/b><\/h5><p>Wenn Sie die Art und Weise \u00e4ndern m\u00f6chten, wie Cookies in Ihrem Browser verwendet werden, einschlie\u00dflich deren Blockierung oder L\u00f6schung, k\u00f6nnen Sie dies tun, indem Sie Ihre Browsereinstellungen entsprechend \u00e4ndern. Um Cookies zu verwalten, erm\u00f6glichen Ihnen die meisten Browser, alle Cookies zu akzeptieren oder abzulehnen, nur eine bestimmte Art von Cookies zu akzeptieren oder Sie zu warnen, dass die Website ein Cookie speichern m\u00f6chte. Sie k\u00f6nnen die vom Browser gespeicherten Cookies auch einfach l\u00f6schen. Wenn Sie die Cookie-Datei Ihres Browsers \u00e4ndern oder l\u00f6schen, Ihren Browser oder Ihr Ger\u00e4t \u00e4ndern oder belohnen, m\u00fcssen Sie Cookies m\u00f6glicherweise erneut deaktivieren. Das Verfahren zum Verwalten und L\u00f6schen von Cookies ist von Browser zu Browser unterschiedlich. Wenn Sie dabei Hilfe ben\u00f6tigen, k\u00f6nnen Sie in der Benutzerhilfe des Browsers nachsehen. Sie k\u00f6nnen Cookies auf unserer Website auch in den Einstellungen des Cookie-Plugins deaktivieren oder deaktivieren beim ersten Besuch unserer Website (Sie klicken auf \u201eCookies ablehnen\u201c)<\/p>\t\t\t\t\t\t\t\t<\/div>\n\t\t\t\t\t<\/div>\n\t\t\t\t<\/div>\n\t\t\t\t<\/div>","protected":false},"excerpt":{"rendered":"<p>Pi\u0161kotki so majhne tekstovne datoteke, ki jih ustvari obiskano spletno mesto in vsebujejo podatke. Shranjene so na ra\u010dunalniku obiskovalca, da uporabniku omogo\u010dijo dostop do razli\u010dnih funkcij. Na na\u0161em spletnem mestu se uporabljajo tako sejni pi\u0161kotki kot pi\u0161kotki brez sej. Sejni pi\u0161kotek se za\u010dasno shrani v pomnilnik ra\u010dunalnika, medtem ko obiskovalci brskate po spletnem mestu. Ta [&hellip;]<\/p>\n","protected":false},"author":17,"featured_media":0,"parent":2988,"menu_order":0,"comment_status":"closed","ping_status":"closed","template":"","meta":{"_acf_changed":false,"footnotes":""},"podrocje":[],"class_list":["post-2990","page","type-page","status-publish","hentry"],"blocksy_meta":[],"acf":{"hero_section":{"pretitle":"","title":"","shortdescription":"","ocena":""},"cenaod":"","title_kljucne_funkcionalnosti":"","content_kljucne_funkcionalnosti":"","seznam_kljucne_funkcionalnosti":"","slika_kljucne_funkcionalnosti":null,"video_url":""},"yoast_head":"<!-- This site is optimized with the Yoast SEO Premium plugin v26.5 (Yoast SEO v27.4) - https:\/\/yoast.com\/product\/yoast-seo-premium-wordpress\/ -->\n<title>Pi\u0161kotki - Comtron<\/title>\n<meta name=\"robots\" content=\"index, follow, max-snippet:-1, max-image-preview:large, max-video-preview:-1\" \/>\n<link rel=\"canonical\" href=\"https:\/\/comtron.si\/de\/datenschutzcenter\/kekse\/\" \/>\n<meta property=\"og:locale\" content=\"de_DE\" \/>\n<meta property=\"og:type\" content=\"article\" \/>\n<meta property=\"og:title\" content=\"Pi\u0161kotki\" \/>\n<meta property=\"og:description\" content=\"Pi\u0161kotki so majhne tekstovne datoteke, ki jih ustvari obiskano spletno mesto in vsebujejo podatke. Shranjene so na ra\u010dunalniku obiskovalca, da uporabniku omogo\u010dijo dostop do razli\u010dnih funkcij. Na na\u0161em spletnem mestu se uporabljajo tako sejni pi\u0161kotki kot pi\u0161kotki brez sej. Sejni pi\u0161kotek se za\u010dasno shrani v pomnilnik ra\u010dunalnika, medtem ko obiskovalci brskate po spletnem mestu. Ta [&hellip;]\" \/>\n<meta property=\"og:url\" content=\"https:\/\/comtron.si\/de\/datenschutzcenter\/kekse\/\" \/>\n<meta property=\"og:site_name\" content=\"Comtron\" \/>\n<meta property=\"article:publisher\" content=\"https:\/\/www.facebook.com\/p\/Comtron-doo-100064104696891\/\" \/>\n<meta property=\"article:modified_time\" content=\"2023-10-15T08:39:44+00:00\" \/>\n<meta property=\"og:image\" content=\"https:\/\/nova.comtron.si\/wp-content\/uploads\/2023\/09\/gdpr.png\" \/>\n<meta name=\"twitter:card\" content=\"summary_large_image\" \/>\n<meta name=\"twitter:label1\" content=\"Gesch\u00e4tzte Lesezeit\" \/>\n\t<meta name=\"twitter:data1\" content=\"3\u00a0Minuten\" \/>\n<script type=\"application\/ld+json\" class=\"yoast-schema-graph\">{\"@context\":\"https:\\\/\\\/schema.org\",\"@graph\":[{\"@type\":\"WebPage\",\"@id\":\"https:\\\/\\\/comtron.si\\\/center-zasebnosti\\\/piskotki\\\/\",\"url\":\"https:\\\/\\\/comtron.si\\\/center-zasebnosti\\\/piskotki\\\/\",\"name\":\"Pi\u0161kotki - Comtron\",\"isPartOf\":{\"@id\":\"https:\\\/\\\/comtron.si\\\/#website\"},\"primaryImageOfPage\":{\"@id\":\"https:\\\/\\\/comtron.si\\\/center-zasebnosti\\\/piskotki\\\/#primaryimage\"},\"image\":{\"@id\":\"https:\\\/\\\/comtron.si\\\/center-zasebnosti\\\/piskotki\\\/#primaryimage\"},\"thumbnailUrl\":\"https:\\\/\\\/nova.comtron.si\\\/wp-content\\\/uploads\\\/2023\\\/09\\\/gdpr.png\",\"datePublished\":\"2023-09-03T08:30:07+00:00\",\"dateModified\":\"2023-10-15T08:39:44+00:00\",\"breadcrumb\":{\"@id\":\"https:\\\/\\\/comtron.si\\\/center-zasebnosti\\\/piskotki\\\/#breadcrumb\"},\"inLanguage\":\"de\",\"potentialAction\":[{\"@type\":\"ReadAction\",\"target\":[\"https:\\\/\\\/comtron.si\\\/center-zasebnosti\\\/piskotki\\\/\"]}]},{\"@type\":\"ImageObject\",\"inLanguage\":\"de\",\"@id\":\"https:\\\/\\\/comtron.si\\\/center-zasebnosti\\\/piskotki\\\/#primaryimage\",\"url\":\"https:\\\/\\\/nova.comtron.si\\\/wp-content\\\/uploads\\\/2023\\\/09\\\/gdpr.png\",\"contentUrl\":\"https:\\\/\\\/nova.comtron.si\\\/wp-content\\\/uploads\\\/2023\\\/09\\\/gdpr.png\"},{\"@type\":\"BreadcrumbList\",\"@id\":\"https:\\\/\\\/comtron.si\\\/center-zasebnosti\\\/piskotki\\\/#breadcrumb\",\"itemListElement\":[{\"@type\":\"ListItem\",\"position\":1,\"name\":\"Domov\",\"item\":\"https:\\\/\\\/comtron.si\\\/\"},{\"@type\":\"ListItem\",\"position\":2,\"name\":\"Center zasebnosti\",\"item\":\"https:\\\/\\\/comtron.si\\\/center-zasebnosti\\\/\"},{\"@type\":\"ListItem\",\"position\":3,\"name\":\"Pi\u0161kotki\"}]},{\"@type\":\"WebSite\",\"@id\":\"https:\\\/\\\/comtron.si\\\/#website\",\"url\":\"https:\\\/\\\/comtron.si\\\/\",\"name\":\"Comtron\",\"description\":\"Sistemski in\u017eeniring in programska oprema Comtron\",\"publisher\":{\"@id\":\"https:\\\/\\\/comtron.si\\\/#organization\"},\"alternateName\":\"Sistemski in\u017eeniring in programska oprema Comtron\",\"potentialAction\":[{\"@type\":\"SearchAction\",\"target\":{\"@type\":\"EntryPoint\",\"urlTemplate\":\"https:\\\/\\\/comtron.si\\\/?s={search_term_string}\"},\"query-input\":{\"@type\":\"PropertyValueSpecification\",\"valueRequired\":true,\"valueName\":\"search_term_string\"}}],\"inLanguage\":\"de\"},{\"@type\":\"Organization\",\"@id\":\"https:\\\/\\\/comtron.si\\\/#organization\",\"name\":\"Comtron - IT re\u0161itve in programska oprema\",\"alternateName\":\"COMTRON napredna ra\u010dunalni\u0161ka tehnologija\",\"url\":\"https:\\\/\\\/comtron.si\\\/\",\"logo\":{\"@type\":\"ImageObject\",\"inLanguage\":\"de\",\"@id\":\"https:\\\/\\\/comtron.si\\\/#\\\/schema\\\/logo\\\/image\\\/\",\"url\":\"https:\\\/\\\/comtron.si\\\/wp-content\\\/uploads\\\/2023\\\/09\\\/cropped-comtron-logo.png\",\"contentUrl\":\"https:\\\/\\\/comtron.si\\\/wp-content\\\/uploads\\\/2023\\\/09\\\/cropped-comtron-logo.png\",\"width\":3436,\"height\":650,\"caption\":\"Comtron - IT re\u0161itve in programska oprema\"},\"image\":{\"@id\":\"https:\\\/\\\/comtron.si\\\/#\\\/schema\\\/logo\\\/image\\\/\"},\"sameAs\":[\"https:\\\/\\\/www.facebook.com\\\/p\\\/Comtron-doo-100064104696891\\\/\",\"https:\\\/\\\/www.youtube.com\\\/@comtron-tron\"],\"description\":\"Sistemski in\u017eeniring in programska oprema\",\"email\":\"info@comtron.si\",\"telephone\":\"+386 2 3003 500\",\"legalName\":\"COMTRON napredna ra\u010dunalni\u0161ka tehnologija d.o.o.\",\"foundingDate\":\"1989-09-01\",\"vatID\":\"SI11931477\",\"taxID\":\"11931477\",\"numberOfEmployees\":{\"@type\":\"QuantitativeValue\",\"minValue\":\"51\",\"maxValue\":\"200\"}}]}<\/script>\n<!-- \/ Yoast SEO Premium plugin. -->","yoast_head_json":{"title":"Cookies \u2013 Comtron","robots":{"index":"index","follow":"follow","max-snippet":"max-snippet:-1","max-image-preview":"max-image-preview:large","max-video-preview":"max-video-preview:-1"},"canonical":"https:\/\/comtron.si\/de\/datenschutzcenter\/kekse\/","og_locale":"de_DE","og_type":"article","og_title":"Pi\u0161kotki","og_description":"Pi\u0161kotki so majhne tekstovne datoteke, ki jih ustvari obiskano spletno mesto in vsebujejo podatke. Shranjene so na ra\u010dunalniku obiskovalca, da uporabniku omogo\u010dijo dostop do razli\u010dnih funkcij. Na na\u0161em spletnem mestu se uporabljajo tako sejni pi\u0161kotki kot pi\u0161kotki brez sej. Sejni pi\u0161kotek se za\u010dasno shrani v pomnilnik ra\u010dunalnika, medtem ko obiskovalci brskate po spletnem mestu. Ta [&hellip;]","og_url":"https:\/\/comtron.si\/de\/datenschutzcenter\/kekse\/","og_site_name":"Comtron","article_publisher":"https:\/\/www.facebook.com\/p\/Comtron-doo-100064104696891\/","article_modified_time":"2023-10-15T08:39:44+00:00","og_image":[{"url":"https:\/\/nova.comtron.si\/wp-content\/uploads\/2023\/09\/gdpr.png","type":"","width":"","height":""}],"twitter_card":"summary_large_image","twitter_misc":{"Gesch\u00e4tzte Lesezeit":"3\u00a0Minuten"},"schema":{"@context":"https:\/\/schema.org","@graph":[{"@type":"WebPage","@id":"https:\/\/comtron.si\/center-zasebnosti\/piskotki\/","url":"https:\/\/comtron.si\/center-zasebnosti\/piskotki\/","name":"Cookies \u2013 Comtron","isPartOf":{"@id":"https:\/\/comtron.si\/#website"},"primaryImageOfPage":{"@id":"https:\/\/comtron.si\/center-zasebnosti\/piskotki\/#primaryimage"},"image":{"@id":"https:\/\/comtron.si\/center-zasebnosti\/piskotki\/#primaryimage"},"thumbnailUrl":"https:\/\/nova.comtron.si\/wp-content\/uploads\/2023\/09\/gdpr.png","datePublished":"2023-09-03T08:30:07+00:00","dateModified":"2023-10-15T08:39:44+00:00","breadcrumb":{"@id":"https:\/\/comtron.si\/center-zasebnosti\/piskotki\/#breadcrumb"},"inLanguage":"de","potentialAction":[{"@type":"ReadAction","target":["https:\/\/comtron.si\/center-zasebnosti\/piskotki\/"]}]},{"@type":"ImageObject","inLanguage":"de","@id":"https:\/\/comtron.si\/center-zasebnosti\/piskotki\/#primaryimage","url":"https:\/\/nova.comtron.si\/wp-content\/uploads\/2023\/09\/gdpr.png","contentUrl":"https:\/\/nova.comtron.si\/wp-content\/uploads\/2023\/09\/gdpr.png"},{"@type":"BreadcrumbList","@id":"https:\/\/comtron.si\/center-zasebnosti\/piskotki\/#breadcrumb","itemListElement":[{"@type":"ListItem","position":1,"name":"Domov","item":"https:\/\/comtron.si\/"},{"@type":"ListItem","position":2,"name":"Center zasebnosti","item":"https:\/\/comtron.si\/center-zasebnosti\/"},{"@type":"ListItem","position":3,"name":"Pi\u0161kotki"}]},{"@type":"WebSite","@id":"https:\/\/comtron.si\/#website","url":"https:\/\/comtron.si\/","name":"Comtron","description":"Comtron Systemtechnik und Software","publisher":{"@id":"https:\/\/comtron.si\/#organization"},"alternateName":"Sistemski in\u017eeniring in programska oprema Comtron","potentialAction":[{"@type":"SearchAction","target":{"@type":"EntryPoint","urlTemplate":"https:\/\/comtron.si\/?s={search_term_string}"},"query-input":{"@type":"PropertyValueSpecification","valueRequired":true,"valueName":"search_term_string"}}],"inLanguage":"de"},{"@type":"Organization","@id":"https:\/\/comtron.si\/#organization","name":"Comtron - IT re\u0161itve in programska oprema","alternateName":"COMTRON napredna ra\u010dunalni\u0161ka tehnologija","url":"https:\/\/comtron.si\/","logo":{"@type":"ImageObject","inLanguage":"de","@id":"https:\/\/comtron.si\/#\/schema\/logo\/image\/","url":"https:\/\/comtron.si\/wp-content\/uploads\/2023\/09\/cropped-comtron-logo.png","contentUrl":"https:\/\/comtron.si\/wp-content\/uploads\/2023\/09\/cropped-comtron-logo.png","width":3436,"height":650,"caption":"Comtron - IT re\u0161itve in programska oprema"},"image":{"@id":"https:\/\/comtron.si\/#\/schema\/logo\/image\/"},"sameAs":["https:\/\/www.facebook.com\/p\/Comtron-doo-100064104696891\/","https:\/\/www.youtube.com\/@comtron-tron"],"description":"Systemtechnik und Software","email":"info@comtron.si","telephone":"+386 2 3003 500","legalName":"COMTRON napredna ra\u010dunalni\u0161ka tehnologija d.o.o.","foundingDate":"1989-09-01","vatID":"SI11931477","taxID":"11931477","numberOfEmployees":{"@type":"QuantitativeValue","minValue":"51","maxValue":"200"}}]}},"_links":{"self":[{"href":"https:\/\/comtron.si\/de\/wp-json\/wp\/v2\/pages\/2990","targetHints":{"allow":["GET"]}}],"collection":[{"href":"https:\/\/comtron.si\/de\/wp-json\/wp\/v2\/pages"}],"about":[{"href":"https:\/\/comtron.si\/de\/wp-json\/wp\/v2\/types\/page"}],"author":[{"embeddable":true,"href":"https:\/\/comtron.si\/de\/wp-json\/wp\/v2\/users\/17"}],"replies":[{"embeddable":true,"href":"https:\/\/comtron.si\/de\/wp-json\/wp\/v2\/comments?post=2990"}],"version-history":[{"count":0,"href":"https:\/\/comtron.si\/de\/wp-json\/wp\/v2\/pages\/2990\/revisions"}],"up":[{"embeddable":true,"href":"https:\/\/comtron.si\/de\/wp-json\/wp\/v2\/pages\/2988"}],"wp:attachment":[{"href":"https:\/\/comtron.si\/de\/wp-json\/wp\/v2\/media?parent=2990"}],"wp:term":[{"taxonomy":"podrocje","embeddable":true,"href":"https:\/\/comtron.si\/de\/wp-json\/wp\/v2\/podrocje?post=2990"}],"curies":[{"name":"wp","href":"https:\/\/api.w.org\/{rel}","templated":true}]}}