{"id":2611,"date":"2023-06-16T10:42:23","date_gmt":"2023-06-16T08:42:23","guid":{"rendered":"https:\/\/comtron.si\/?page_id=2611"},"modified":"2024-10-10T06:00:43","modified_gmt":"2024-10-10T04:00:43","slug":"datenschutzerklarung","status":"publish","type":"page","link":"https:\/\/comtron.si\/de\/datenschutzcenter\/datenschutzerklarung\/","title":{"rendered":"Datenschutzerkl\u00e4rung"},"content":{"rendered":"<p><strong>DATENSCHUTZERKL\u00c4RUNG<\/strong><br \/>\nUnsere Website verwendet Cookies. Dabei handelt es sich um kleine Datenmengen, die der Webserver Ihrem Browser bei Ihrem Besuch anbietet. Dadurch werden sie in der Regel auf Ihrem Computer oder Mobilger\u00e4t gespeichert und bei sp\u00e4teren Besuchen wird das gespeicherte Cookie vom Browser erneut an den Server gesendet. Cookies werden verwendet, um Einstellungen zu speichern, die Sitzung eines einzelnen Benutzers zu verwalten, zwischen Benutzern zu unterscheiden und sie auf der Website (auch zwischen mehreren Websites) zu verfolgen. Das Laden von Cookies zu steuern, ihre Eigenschaften zu \u00fcberpr\u00fcfen und sie zu l\u00f6schen, ist in den Einstellungen Ihres Webbrowsers oder durch die Verwendung zus\u00e4tzlicher Plugins darin m\u00f6glich.<\/p>\n<p><strong>Cookies werden nach folgenden Merkmalen unterschieden:<\/strong><\/p>\n<p>tempor\u00e4re (und Sitzungs-) oder permanente Cookies,<br \/>\neigene Cookies oder Cookies von Drittanbietern.<br \/>\nEin Sitzungscookie ist ein Cookie, das automatisch gel\u00f6scht wird, wenn Sie Ihren Browser schlie\u00dfen, w\u00e4hrend ein dauerhaftes Cookie in Ihrem Browser gespeichert bleibt, bis ein bestimmter Zeitraum (der Minuten, Tage oder Jahre betragen kann) verstrichen ist.<\/p>\n<p>Eigene Cookies werden von der von Ihnen besuchten Website gesetzt und Cookies von Drittanbietern werden von einem externen Partner-Webdienst gesetzt, der f\u00fcr die gew\u00fcnschte Funktionalit\u00e4t in die Website eingebunden ist.<\/p>\n<p><strong>Welche Cookies verwenden wir auf unserer Website?<\/strong><\/p>\n<p>Auf der Website verwenden wir Cookies des Analysedienstes Google Analytics, die sowohl dauerhaft als auch tempor\u00e4r sind (Sitzungscookies), und die Cookies des WordPress-Statistik-Plugins. Wir nutzen den Dienst zum Zwecke der Verkehrsanalyse (Besucherz\u00e4hlung, Identifizierung von Browsern und Verweildauer des Nutzers auf der Seite, Navigationsprobleme etc.). Sie erm\u00f6glichen es uns, die Reichweite und das Interesse unserer Beitr\u00e4ge sowie die Resonanz auf die gelegentlich von uns durchgef\u00fchrten Medienkampagnen zu bewerten. Wir verwenden alle Daten ausschlie\u00dflich intern und zur Verbesserung unserer Website.<\/p>\n<p><strong>Was ist mit Cookies, die mit Plugins sozialer Netzwerke verkn\u00fcpft sind?<\/strong><\/p>\n<p>Cookies, die mit Plugins sozialer Netzwerke verkn\u00fcpft sind, erm\u00f6glichen es uns, ihre Produkte in den Inhalt unserer Website zu integrieren \u2013 so k\u00f6nnen Besucher Inhalte mit ihren Freunden oder anderen verbundenen Personen teilen (verschiedene Schaltfl\u00e4chen wie \u201eGef\u00e4llt mir\u201c, \u201eInhalt teilen\u201c, \u201eEmpfehlen...\u201c). Plugins verwenden Cookies, damit soziale Netzwerke ihre Mitglieder identifizieren k\u00f6nnen, wenn sie eine Website mit einem Plugin besuchen. Wenn Sie beim Besuch unserer Website nicht bei einem bestimmten sozialen Netzwerk eingeloggt sind (oder dort kein Mitglied sind), ist f\u00fcr das Laden von Cookies durch Plug-ins eine Einwilligung erforderlich.<\/p>\n<p><strong>Andere Links<\/strong><\/p>\n<p>Auf der Website finden Sie m\u00f6glicherweise Links zu anderen Websites, die nicht unter unserer Verwaltung stehen. Wir sind nicht f\u00fcr die Wahrung der Privatsph\u00e4re oder des Inhalts dieser Websites verantwortlich. Wir stellen den Besuchern lediglich Links zur Verf\u00fcgung, \u00fcber die sie n\u00fctzliche Informationen im Bereich der Informationssicherheit finden k\u00f6nnen.<\/p>","protected":false},"excerpt":{"rendered":"<p>IZJAVA O ZASEBNOSTI Na\u0161e spletno mesto uporablja pi\u0161kotke. To so majhni podatkovni drobci, ki jih spletni stre\u017enik ob obisku ponudi va\u0161emu brskalniku. Ta jih obi\u010dajno shrani na va\u0161 ra\u010dunalnik oziroma mobilno napravo, ob poznej\u0161ih obiskih pa se shranjeni pi\u0161kotek iz brskalnika ponovno po\u0161lje stre\u017eniku. Pi\u0161kotki se uporabljajo za shranjevanje nastavitev, vodenje seje posameznega uporabnika, razlikovanje [&hellip;]<\/p>\n","protected":false},"author":17,"featured_media":0,"parent":2988,"menu_order":0,"comment_status":"closed","ping_status":"closed","template":"","meta":{"_acf_changed":false,"footnotes":""},"podrocje":[],"class_list":["post-2611","page","type-page","status-publish","hentry"],"blocksy_meta":[],"acf":{"hero_section":{"pretitle":"","title":"","shortdescription":"","ocena":""},"cenaod":"","title_kljucne_funkcionalnosti":"","content_kljucne_funkcionalnosti":"","seznam_kljucne_funkcionalnosti":"","slika_kljucne_funkcionalnosti":null,"video_url":""},"yoast_head":"<!-- This site is optimized with the Yoast SEO Premium plugin v26.5 (Yoast SEO v27.4) - https:\/\/yoast.com\/product\/yoast-seo-premium-wordpress\/ -->\n<title>Izjava o zasebnosti - Comtron<\/title>\n<meta name=\"robots\" content=\"index, follow, max-snippet:-1, max-image-preview:large, max-video-preview:-1\" \/>\n<link rel=\"canonical\" href=\"https:\/\/comtron.si\/de\/datenschutzcenter\/datenschutzerklarung\/\" \/>\n<meta property=\"og:locale\" content=\"de_DE\" \/>\n<meta property=\"og:type\" content=\"article\" \/>\n<meta property=\"og:title\" content=\"Izjava o zasebnosti\" \/>\n<meta property=\"og:description\" content=\"IZJAVA O ZASEBNOSTI Na\u0161e spletno mesto uporablja pi\u0161kotke. To so majhni podatkovni drobci, ki jih spletni stre\u017enik ob obisku ponudi va\u0161emu brskalniku. Ta jih obi\u010dajno shrani na va\u0161 ra\u010dunalnik oziroma mobilno napravo, ob poznej\u0161ih obiskih pa se shranjeni pi\u0161kotek iz brskalnika ponovno po\u0161lje stre\u017eniku. Pi\u0161kotki se uporabljajo za shranjevanje nastavitev, vodenje seje posameznega uporabnika, razlikovanje [&hellip;]\" \/>\n<meta property=\"og:url\" content=\"https:\/\/comtron.si\/de\/datenschutzcenter\/datenschutzerklarung\/\" \/>\n<meta property=\"og:site_name\" content=\"Comtron\" \/>\n<meta property=\"article:publisher\" content=\"https:\/\/www.facebook.com\/p\/Comtron-doo-100064104696891\/\" \/>\n<meta property=\"article:modified_time\" content=\"2024-10-10T04:00:43+00:00\" \/>\n<meta property=\"og:image\" content=\"https:\/\/comtron.si\/wp-content\/uploads\/2024\/10\/TRONerp-1.jpeg\" \/>\n\t<meta property=\"og:image:width\" content=\"1950\" \/>\n\t<meta property=\"og:image:height\" content=\"1300\" \/>\n\t<meta property=\"og:image:type\" content=\"image\/jpeg\" \/>\n<meta name=\"twitter:card\" content=\"summary_large_image\" \/>\n<meta name=\"twitter:label1\" content=\"Gesch\u00e4tzte Lesezeit\" \/>\n\t<meta name=\"twitter:data1\" content=\"3\u00a0Minuten\" \/>\n<script type=\"application\/ld+json\" class=\"yoast-schema-graph\">{\"@context\":\"https:\\\/\\\/schema.org\",\"@graph\":[{\"@type\":\"WebPage\",\"@id\":\"https:\\\/\\\/comtron.si\\\/center-zasebnosti\\\/izjava-o-zasebnosti\\\/\",\"url\":\"https:\\\/\\\/comtron.si\\\/center-zasebnosti\\\/izjava-o-zasebnosti\\\/\",\"name\":\"Izjava o zasebnosti - Comtron\",\"isPartOf\":{\"@id\":\"https:\\\/\\\/comtron.si\\\/#website\"},\"datePublished\":\"2023-06-16T08:42:23+00:00\",\"dateModified\":\"2024-10-10T04:00:43+00:00\",\"breadcrumb\":{\"@id\":\"https:\\\/\\\/comtron.si\\\/center-zasebnosti\\\/izjava-o-zasebnosti\\\/#breadcrumb\"},\"inLanguage\":\"de\",\"potentialAction\":[{\"@type\":\"ReadAction\",\"target\":[\"https:\\\/\\\/comtron.si\\\/center-zasebnosti\\\/izjava-o-zasebnosti\\\/\"]}]},{\"@type\":\"BreadcrumbList\",\"@id\":\"https:\\\/\\\/comtron.si\\\/center-zasebnosti\\\/izjava-o-zasebnosti\\\/#breadcrumb\",\"itemListElement\":[{\"@type\":\"ListItem\",\"position\":1,\"name\":\"Domov\",\"item\":\"https:\\\/\\\/comtron.si\\\/\"},{\"@type\":\"ListItem\",\"position\":2,\"name\":\"Center zasebnosti\",\"item\":\"https:\\\/\\\/comtron.si\\\/center-zasebnosti\\\/\"},{\"@type\":\"ListItem\",\"position\":3,\"name\":\"Izjava o zasebnosti\"}]},{\"@type\":\"WebSite\",\"@id\":\"https:\\\/\\\/comtron.si\\\/#website\",\"url\":\"https:\\\/\\\/comtron.si\\\/\",\"name\":\"Comtron\",\"description\":\"Sistemski in\u017eeniring in programska oprema Comtron\",\"publisher\":{\"@id\":\"https:\\\/\\\/comtron.si\\\/#organization\"},\"alternateName\":\"Sistemski in\u017eeniring in programska oprema Comtron\",\"potentialAction\":[{\"@type\":\"SearchAction\",\"target\":{\"@type\":\"EntryPoint\",\"urlTemplate\":\"https:\\\/\\\/comtron.si\\\/?s={search_term_string}\"},\"query-input\":{\"@type\":\"PropertyValueSpecification\",\"valueRequired\":true,\"valueName\":\"search_term_string\"}}],\"inLanguage\":\"de\"},{\"@type\":\"Organization\",\"@id\":\"https:\\\/\\\/comtron.si\\\/#organization\",\"name\":\"Comtron - IT re\u0161itve in programska oprema\",\"alternateName\":\"COMTRON napredna ra\u010dunalni\u0161ka tehnologija\",\"url\":\"https:\\\/\\\/comtron.si\\\/\",\"logo\":{\"@type\":\"ImageObject\",\"inLanguage\":\"de\",\"@id\":\"https:\\\/\\\/comtron.si\\\/#\\\/schema\\\/logo\\\/image\\\/\",\"url\":\"https:\\\/\\\/comtron.si\\\/wp-content\\\/uploads\\\/2023\\\/09\\\/cropped-comtron-logo.png\",\"contentUrl\":\"https:\\\/\\\/comtron.si\\\/wp-content\\\/uploads\\\/2023\\\/09\\\/cropped-comtron-logo.png\",\"width\":3436,\"height\":650,\"caption\":\"Comtron - IT re\u0161itve in programska oprema\"},\"image\":{\"@id\":\"https:\\\/\\\/comtron.si\\\/#\\\/schema\\\/logo\\\/image\\\/\"},\"sameAs\":[\"https:\\\/\\\/www.facebook.com\\\/p\\\/Comtron-doo-100064104696891\\\/\",\"https:\\\/\\\/www.youtube.com\\\/@comtron-tron\"],\"description\":\"Sistemski in\u017eeniring in programska oprema\",\"email\":\"info@comtron.si\",\"telephone\":\"+386 2 3003 500\",\"legalName\":\"COMTRON napredna ra\u010dunalni\u0161ka tehnologija d.o.o.\",\"foundingDate\":\"1989-09-01\",\"vatID\":\"SI11931477\",\"taxID\":\"11931477\",\"numberOfEmployees\":{\"@type\":\"QuantitativeValue\",\"minValue\":\"51\",\"maxValue\":\"200\"}}]}<\/script>\n<!-- \/ Yoast SEO Premium plugin. -->","yoast_head_json":{"title":"Datenschutzerkl\u00e4rung \u2013 Comtron","robots":{"index":"index","follow":"follow","max-snippet":"max-snippet:-1","max-image-preview":"max-image-preview:large","max-video-preview":"max-video-preview:-1"},"canonical":"https:\/\/comtron.si\/de\/datenschutzcenter\/datenschutzerklarung\/","og_locale":"de_DE","og_type":"article","og_title":"Izjava o zasebnosti","og_description":"IZJAVA O ZASEBNOSTI Na\u0161e spletno mesto uporablja pi\u0161kotke. To so majhni podatkovni drobci, ki jih spletni stre\u017enik ob obisku ponudi va\u0161emu brskalniku. Ta jih obi\u010dajno shrani na va\u0161 ra\u010dunalnik oziroma mobilno napravo, ob poznej\u0161ih obiskih pa se shranjeni pi\u0161kotek iz brskalnika ponovno po\u0161lje stre\u017eniku. Pi\u0161kotki se uporabljajo za shranjevanje nastavitev, vodenje seje posameznega uporabnika, razlikovanje [&hellip;]","og_url":"https:\/\/comtron.si\/de\/datenschutzcenter\/datenschutzerklarung\/","og_site_name":"Comtron","article_publisher":"https:\/\/www.facebook.com\/p\/Comtron-doo-100064104696891\/","article_modified_time":"2024-10-10T04:00:43+00:00","og_image":[{"width":1950,"height":1300,"url":"https:\/\/comtron.si\/wp-content\/uploads\/2024\/10\/TRONerp-1.jpeg","type":"image\/jpeg"}],"twitter_card":"summary_large_image","twitter_misc":{"Gesch\u00e4tzte Lesezeit":"3\u00a0Minuten"},"schema":{"@context":"https:\/\/schema.org","@graph":[{"@type":"WebPage","@id":"https:\/\/comtron.si\/center-zasebnosti\/izjava-o-zasebnosti\/","url":"https:\/\/comtron.si\/center-zasebnosti\/izjava-o-zasebnosti\/","name":"Datenschutzerkl\u00e4rung \u2013 Comtron","isPartOf":{"@id":"https:\/\/comtron.si\/#website"},"datePublished":"2023-06-16T08:42:23+00:00","dateModified":"2024-10-10T04:00:43+00:00","breadcrumb":{"@id":"https:\/\/comtron.si\/center-zasebnosti\/izjava-o-zasebnosti\/#breadcrumb"},"inLanguage":"de","potentialAction":[{"@type":"ReadAction","target":["https:\/\/comtron.si\/center-zasebnosti\/izjava-o-zasebnosti\/"]}]},{"@type":"BreadcrumbList","@id":"https:\/\/comtron.si\/center-zasebnosti\/izjava-o-zasebnosti\/#breadcrumb","itemListElement":[{"@type":"ListItem","position":1,"name":"Domov","item":"https:\/\/comtron.si\/"},{"@type":"ListItem","position":2,"name":"Center zasebnosti","item":"https:\/\/comtron.si\/center-zasebnosti\/"},{"@type":"ListItem","position":3,"name":"Izjava o zasebnosti"}]},{"@type":"WebSite","@id":"https:\/\/comtron.si\/#website","url":"https:\/\/comtron.si\/","name":"Comtron","description":"Comtron Systemtechnik und Software","publisher":{"@id":"https:\/\/comtron.si\/#organization"},"alternateName":"Sistemski in\u017eeniring in programska oprema Comtron","potentialAction":[{"@type":"SearchAction","target":{"@type":"EntryPoint","urlTemplate":"https:\/\/comtron.si\/?s={search_term_string}"},"query-input":{"@type":"PropertyValueSpecification","valueRequired":true,"valueName":"search_term_string"}}],"inLanguage":"de"},{"@type":"Organization","@id":"https:\/\/comtron.si\/#organization","name":"Comtron - IT re\u0161itve in programska oprema","alternateName":"COMTRON napredna ra\u010dunalni\u0161ka tehnologija","url":"https:\/\/comtron.si\/","logo":{"@type":"ImageObject","inLanguage":"de","@id":"https:\/\/comtron.si\/#\/schema\/logo\/image\/","url":"https:\/\/comtron.si\/wp-content\/uploads\/2023\/09\/cropped-comtron-logo.png","contentUrl":"https:\/\/comtron.si\/wp-content\/uploads\/2023\/09\/cropped-comtron-logo.png","width":3436,"height":650,"caption":"Comtron - IT re\u0161itve in programska oprema"},"image":{"@id":"https:\/\/comtron.si\/#\/schema\/logo\/image\/"},"sameAs":["https:\/\/www.facebook.com\/p\/Comtron-doo-100064104696891\/","https:\/\/www.youtube.com\/@comtron-tron"],"description":"Systemtechnik und Software","email":"info@comtron.si","telephone":"+386 2 3003 500","legalName":"COMTRON napredna ra\u010dunalni\u0161ka tehnologija d.o.o.","foundingDate":"1989-09-01","vatID":"SI11931477","taxID":"11931477","numberOfEmployees":{"@type":"QuantitativeValue","minValue":"51","maxValue":"200"}}]}},"_links":{"self":[{"href":"https:\/\/comtron.si\/de\/wp-json\/wp\/v2\/pages\/2611","targetHints":{"allow":["GET"]}}],"collection":[{"href":"https:\/\/comtron.si\/de\/wp-json\/wp\/v2\/pages"}],"about":[{"href":"https:\/\/comtron.si\/de\/wp-json\/wp\/v2\/types\/page"}],"author":[{"embeddable":true,"href":"https:\/\/comtron.si\/de\/wp-json\/wp\/v2\/users\/17"}],"replies":[{"embeddable":true,"href":"https:\/\/comtron.si\/de\/wp-json\/wp\/v2\/comments?post=2611"}],"version-history":[{"count":0,"href":"https:\/\/comtron.si\/de\/wp-json\/wp\/v2\/pages\/2611\/revisions"}],"up":[{"embeddable":true,"href":"https:\/\/comtron.si\/de\/wp-json\/wp\/v2\/pages\/2988"}],"wp:attachment":[{"href":"https:\/\/comtron.si\/de\/wp-json\/wp\/v2\/media?parent=2611"}],"wp:term":[{"taxonomy":"podrocje","embeddable":true,"href":"https:\/\/comtron.si\/de\/wp-json\/wp\/v2\/podrocje?post=2611"}],"curies":[{"name":"wp","href":"https:\/\/api.w.org\/{rel}","templated":true}]}}